{"id":896,"date":"2025-10-08T12:09:19","date_gmt":"2025-10-08T10:09:19","guid":{"rendered":"https:\/\/mladi-zeleni.cz\/?page_id=896"},"modified":"2025-10-20T17:29:56","modified_gmt":"2025-10-20T15:29:56","slug":"chyba404","status":"publish","type":"page","link":"https:\/\/mladi-zeleni.cz\/en\/chyba404\/","title":{"rendered":"Chyba404"},"content":{"rendered":"<div style=\"height:33px\" aria-hidden=\"true\" class=\"wp-block-spacer\"><\/div>\n\n\n\n<h2 class=\"wp-block-heading has-text-align-center\">Whoops! You tried to access a page that doesn't exist.<\/h2>\n\n\n\n<p class=\"has-text-align-center\"><strong>If you believe this is a mistake, please contacts us through means as listed in the <a href=\"https:\/\/mladi-zeleni.cz\/en\/kontakty\/\" data-type=\"page\" data-id=\"23\">contacts<\/a>. <\/strong><br><strong>Otherwise  you can search for the page here or return to the <a href=\"https:\/\/mladi-zeleni.cz\/en\/\" data-type=\"page\" data-id=\"58\">home page<\/a>.<\/strong><\/p>\n\n\n<form role=\"search\" method=\"get\" action=\"https:\/\/mladi-zeleni.cz\/en\/\" class=\"wp-block-search__button-outside wp-block-search__text-button aligncenter wp-block-search\" data-trp-original-action=\"https:\/\/mladi-zeleni.cz\/en\/\"    ><label class=\"wp-block-search__label screen-reader-text\" for=\"wp-block-search__input-1\" >Hledat<\/label><div class=\"wp-block-search__inside-wrapper\" ><input class=\"wp-block-search__input\" id=\"wp-block-search__input-1\" placeholder=\"Search here...\" value=\"\" type=\"search\" name=\"s\" required \/><button aria-label=\"Hledat\" class=\"wp-block-search__button wp-element-button\" type=\"submit\" >Hledat<\/button><\/div><input type=\"hidden\" name=\"trp-form-language\" value=\"en\"\/><\/form>\n\n\n<blockquote class=\"wp-block-quote is-style-default has-medium-font-size is-layout-flow wp-block-quote-is-layout-flow\">\n<p class=\"has-text-align-center\">\"There is nothing like looking, if you want to find<br>something (or so Thorin said to the young dwarves). You certainly usually<br>find something, if you look, but it is not always quite the something you were after.<br>So it proved on this occasion.\" \u2013 J.R.R. Tolkien (The Hobbit)<\/p>\n<\/blockquote>\n\n\n\n<div style=\"height:61px\" aria-hidden=\"true\" class=\"wp-block-spacer\"><\/div>","protected":false},"excerpt":{"rendered":"<p>Ouha! Pokusili jste se p\u0159ej\u00edt na str\u00e1nku, kter\u00e1 neexistuje. Pokud v\u011b\u0159\u00edte, \u017ee se jedn\u00e1 o omyl, pros\u00edm kontaktujte n\u00e1s skrze kan\u00e1ly na str\u00e1nce kontakty. Jinak m\u016f\u017eete zkusit str\u00e1nku vyhledat n\u00ed\u017ee nebo se vr\u00e1tit na domovskou str\u00e1nku. &#8222;Kdy\u017e chcete n\u011bco naj\u00edt, nem\u016f\u017eete ud\u011blat nic lep\u0161\u00edho ne\u017ehledat (jak pou\u010dil Thorin mlad\u00e9 trpasl\u00edky). Kdy\u017e hled\u00e1te, obvykle jist\u011bn\u011bco najdete, [&hellip;]<\/p>\n","protected":false},"author":1,"featured_media":0,"parent":0,"menu_order":0,"comment_status":"closed","ping_status":"closed","template":"","meta":{"_themeisle_gutenberg_block_has_review":false,"footnotes":""},"class_list":["post-896","page","type-page","status-publish","hentry"],"blocksy_meta":[],"jetpack_sharing_enabled":true,"_links":{"self":[{"href":"https:\/\/mladi-zeleni.cz\/en\/wp-json\/wp\/v2\/pages\/896","targetHints":{"allow":["GET"]}}],"collection":[{"href":"https:\/\/mladi-zeleni.cz\/en\/wp-json\/wp\/v2\/pages"}],"about":[{"href":"https:\/\/mladi-zeleni.cz\/en\/wp-json\/wp\/v2\/types\/page"}],"author":[{"embeddable":true,"href":"https:\/\/mladi-zeleni.cz\/en\/wp-json\/wp\/v2\/users\/1"}],"replies":[{"embeddable":true,"href":"https:\/\/mladi-zeleni.cz\/en\/wp-json\/wp\/v2\/comments?post=896"}],"version-history":[{"count":3,"href":"https:\/\/mladi-zeleni.cz\/en\/wp-json\/wp\/v2\/pages\/896\/revisions"}],"predecessor-version":[{"id":969,"href":"https:\/\/mladi-zeleni.cz\/en\/wp-json\/wp\/v2\/pages\/896\/revisions\/969"}],"wp:attachment":[{"href":"https:\/\/mladi-zeleni.cz\/en\/wp-json\/wp\/v2\/media?parent=896"}],"curies":[{"name":"wp","href":"https:\/\/api.w.org\/{rel}","templated":true}]}}