{"id":762,"date":"2025-09-28T17:01:17","date_gmt":"2025-09-28T17:01:17","guid":{"rendered":"http:\/\/localhost\/mladizeleniznovu\/?page_id=762"},"modified":"2025-11-03T22:58:36","modified_gmt":"2025-11-03T21:58:36","slug":"plevel-debaty-o-opomenutych-tematech","status":"publish","type":"page","link":"https:\/\/mladi-zeleni.cz\/en\/archiv-projektu\/plevel-debaty-o-opomenutych-tematech\/","title":{"rendered":"Plevel \u2013 Debates about omitted topics"},"content":{"rendered":"<h2 class=\"wp-block-heading alignfull has-text-align-center has-palette-color-8-color has-text-color has-background has-link-color wp-elements-2a4fe6ce7b513534031ee0b89a84714d\" style=\"background:linear-gradient(180deg,rgb(21,164,97) 0%,rgb(60,186,146) 100%);margin-top:0;margin-bottom:0\">Plevel \u2013 Debates about omitted topics<\/h2>\n\n\n\n<div style=\"height:30px\" aria-hidden=\"true\" class=\"wp-block-spacer\"><\/div>\n\n\n\n<div class=\"wp-block-columns is-layout-flex wp-container-core-columns-is-layout-28f84493 wp-block-columns-is-layout-flex\">\n<div class=\"wp-block-column has-palette-color-2-background-color has-background is-layout-flow wp-container-core-column-is-layout-d028d1b8 wp-block-column-is-layout-flow\" style=\"border-style:none;border-width:0px;border-radius:14px;padding-top:var(--wp--preset--spacing--40);padding-right:var(--wp--preset--spacing--40);padding-bottom:var(--wp--preset--spacing--40);padding-left:var(--wp--preset--spacing--40);flex-basis:50%\">\n<h2 class=\"wp-block-heading has-palette-color-8-color has-text-color has-link-color wp-elements-abffadd0b4d720839fb7709595631d9b\" style=\"margin-bottom:0;padding-bottom:0\">About the project<\/h2>\n\n\n\n<p class=\"has-palette-color-8-color has-text-color has-link-color has-medium-font-size wp-elements-b42f0436a6db16280f79a4190501e0de\" style=\"padding-top:0\"><strong>Public talks<\/strong><\/p>\n\n\n\n<h3 class=\"wp-block-heading has-palette-color-8-color has-text-color has-link-color wp-elements-1da71654b09d31e62a12265fc4b3af90\">State:<\/h3>\n\n\n\n<p class=\"has-palette-color-8-color has-text-color has-link-color has-medium-font-size wp-elements-e14de4bc3e59c167e1bc5ad1fe9b41f1\">Project has ended.<\/p>\n\n\n\n<p class=\"has-palette-color-8-color has-text-color has-link-color wp-elements-e8d96206ccd053e028b39ecb98e054c6\" style=\"font-size:clamp(17.371px, 1.086rem + ((1vw - 3.2px) * 0.752), 27px);\"><strong>Summary: <\/strong><\/p>\n\n\n\n<p class=\"has-palette-color-8-color has-text-color has-link-color has-medium-font-size wp-elements-5382654b5be40070290eb95b695152b5\">In response to various social phenomena that often remain unexplored, we launched the Plevel (Weeds) project. It is a series of three public debates on the following concepts: toxic masculinity, gentrification, and degrowth.<\/p>\n<\/div>\n\n\n\n<div class=\"wp-block-column is-layout-flow wp-block-column-is-layout-flow\" style=\"flex-basis:50%\">\n<h2 class=\"wp-block-heading has-text-align-center\"><strong>We see them as Weeds<\/strong><\/h2>\n\n\n\n<p class=\"has-medium-font-size\"><strong>Toxic masculinity. Gentrification. Degrowth.<\/strong> For a long time these phenomena have been in the mainstream overlooked as&nbsp;<strong>weeds<\/strong>&nbsp;in between new interlocking paving or like a run-over mole on a freshly paved first class road. A spot on the road to prosperity. Growth and competition will allow us to gradually overcome everything... or not? But it turns out that these phenomena are&nbsp;<strong>key in the increasing crisis<\/strong>, which gradually turns the system into a heartless machine. It creates&nbsp;<strong>inequalities<\/strong>, oppresses the weakest and uses pain, fear and misery as an engine for the path to an unjust world. And the roles are reversed:&nbsp;<strong>suddenly we are the weeds<\/strong>&nbsp;\u2013 those, who point at the&nbsp;<strong>inequality<\/strong>, fight for&nbsp;<strong>human rights<\/strong>&nbsp;and sound the alarm before the incoming&nbsp;<strong>climatic disaster<\/strong>.<\/p>\n<\/div>\n<\/div>\n\n\n\n<figure class=\"wp-block-gallery has-nested-images columns-default is-cropped wp-block-gallery-1 is-layout-flex wp-block-gallery-is-layout-flex\">\n<figure class=\"wp-block-image size-large\"><img decoding=\"async\" width=\"1024\" height=\"683\" data-id=\"765\" src=\"https:\/\/mladi-zeleni.cz\/wp-content\/uploads\/2025\/09\/IMG_9117-1024x683.jpeg\" alt=\"Publikum a diskutuj\u00edc\u00ed v podzemn\u00edch prostor\u00e1ch Artbaru\" class=\"wp-image-765\" srcset=\"https:\/\/mladi-zeleni.cz\/wp-content\/uploads\/2025\/09\/IMG_9117-1024x683.jpeg 1024w, https:\/\/mladi-zeleni.cz\/wp-content\/uploads\/2025\/09\/IMG_9117-300x200.jpeg 300w, https:\/\/mladi-zeleni.cz\/wp-content\/uploads\/2025\/09\/IMG_9117-768x512.jpeg 768w, https:\/\/mladi-zeleni.cz\/wp-content\/uploads\/2025\/09\/IMG_9117-1536x1024.jpeg 1536w, https:\/\/mladi-zeleni.cz\/wp-content\/uploads\/2025\/09\/IMG_9117.jpeg 1920w\" sizes=\"(max-width: 1024px) 100vw, 1024px\" \/><\/figure>\n\n\n\n<figure class=\"wp-block-image size-large\"><img decoding=\"async\" width=\"1024\" height=\"683\" data-id=\"766\" src=\"https:\/\/mladi-zeleni.cz\/wp-content\/uploads\/2025\/09\/IMG_9120-1024x683.jpeg\" alt=\"Dva lid\u00e9 u st\u00e1nku s cedulemi: Te\u010f jde o palestince a palestinky a Proti dehumanizaci\" class=\"wp-image-766\" srcset=\"https:\/\/mladi-zeleni.cz\/wp-content\/uploads\/2025\/09\/IMG_9120-1024x683.jpeg 1024w, https:\/\/mladi-zeleni.cz\/wp-content\/uploads\/2025\/09\/IMG_9120-300x200.jpeg 300w, https:\/\/mladi-zeleni.cz\/wp-content\/uploads\/2025\/09\/IMG_9120-768x512.jpeg 768w, https:\/\/mladi-zeleni.cz\/wp-content\/uploads\/2025\/09\/IMG_9120-1536x1024.jpeg 1536w, https:\/\/mladi-zeleni.cz\/wp-content\/uploads\/2025\/09\/IMG_9120.jpeg 1920w\" sizes=\"(max-width: 1024px) 100vw, 1024px\" \/><\/figure>\n\n\n\n<figure class=\"wp-block-image size-large\"><img decoding=\"async\" width=\"1024\" height=\"683\" data-id=\"767\" src=\"https:\/\/mladi-zeleni.cz\/wp-content\/uploads\/2025\/09\/IMG_9147-1024x683.jpeg\" alt=\"\u010cty\u0159i lid\u00e9 hraj\u00ed stoln\u00ed fotbal\" class=\"wp-image-767\" srcset=\"https:\/\/mladi-zeleni.cz\/wp-content\/uploads\/2025\/09\/IMG_9147-1024x683.jpeg 1024w, https:\/\/mladi-zeleni.cz\/wp-content\/uploads\/2025\/09\/IMG_9147-300x200.jpeg 300w, https:\/\/mladi-zeleni.cz\/wp-content\/uploads\/2025\/09\/IMG_9147-768x512.jpeg 768w, https:\/\/mladi-zeleni.cz\/wp-content\/uploads\/2025\/09\/IMG_9147-1536x1024.jpeg 1536w, https:\/\/mladi-zeleni.cz\/wp-content\/uploads\/2025\/09\/IMG_9147.jpeg 1920w\" sizes=\"(max-width: 1024px) 100vw, 1024px\" \/><\/figure>\n<\/figure>\n\n\n\n<p class=\"has-medium-font-size\">The goal of Plevel (Weeds) is to open a space for&nbsp;<strong>critical discussion<\/strong>, bring new points of view and engage&nbsp;<strong>the broad public<\/strong>&nbsp;with debates about topics, which generally stay at the edge of societal interest. The first gathering about&nbsp;<strong>far right and toxic masculinity<\/strong>&nbsp;which has successfully&nbsp;<strong>finished<\/strong>&nbsp;on the 18th of September in Brno. Second, regarding&nbsp;<strong>gentrification<\/strong>, was organised in&nbsp;<strong>Prague on the 26th of September.&nbsp;<\/strong>Last meeting was realised in&nbsp;<strong>\u00dast\u00ed nad Labem<\/strong>, where a debate was hosted on the topic of&nbsp;<strong>degrowth<\/strong>&nbsp;in secluded regions on&nbsp;<strong>the 9th of October<\/strong>&nbsp;in the community center&nbsp;<strong>Hrani\u010d\u00e1\u0159<\/strong>.<\/p>\n\n\n\n<p class=\"has-medium-font-size\">The project has been created in collaboration with&nbsp;<strong>Federation of Young European Greens (FYEG)<\/strong>&nbsp;and was co-financed by the&nbsp;<strong>European union<\/strong>.<br><strong>The society is being overtaken by weeds, let's talk about it.<\/strong><\/p>\n\n\n\n<div class=\"wp-block-group is-content-justification-center is-nowrap is-layout-flex wp-container-core-group-is-layout-6611fe17 wp-block-group-is-layout-flex\" style=\"padding-right:0;padding-left:0\">\n<figure class=\"wp-block-image size-large is-resized\"><img decoding=\"async\" width=\"1024\" height=\"722\" src=\"https:\/\/mladi-zeleni.cz\/wp-content\/uploads\/2025\/11\/FYEG_logo_2022-1024x722.png\" alt=\"\" class=\"wp-image-985\" style=\"width:272px;height:auto\" srcset=\"https:\/\/mladi-zeleni.cz\/wp-content\/uploads\/2025\/11\/FYEG_logo_2022-1024x722.png 1024w, https:\/\/mladi-zeleni.cz\/wp-content\/uploads\/2025\/11\/FYEG_logo_2022-300x211.png 300w, https:\/\/mladi-zeleni.cz\/wp-content\/uploads\/2025\/11\/FYEG_logo_2022-768x541.png 768w, https:\/\/mladi-zeleni.cz\/wp-content\/uploads\/2025\/11\/FYEG_logo_2022-18x12.png 18w, https:\/\/mladi-zeleni.cz\/wp-content\/uploads\/2025\/11\/FYEG_logo_2022.png 1061w\" sizes=\"(max-width: 1024px) 100vw, 1024px\" \/><\/figure>\n\n\n\n<figure class=\"wp-block-image size-large is-resized\"><img decoding=\"async\" width=\"1024\" height=\"241\" src=\"https:\/\/mladi-zeleni.cz\/wp-content\/uploads\/2025\/11\/EN_Co-fundedbytheEU_RGB_POS-scaled.png\" alt=\"\" class=\"wp-image-987\" style=\"width:500px\" srcset=\"https:\/\/mladi-zeleni.cz\/wp-content\/uploads\/2025\/11\/EN_Co-fundedbytheEU_RGB_POS-scaled.png 2560w, https:\/\/mladi-zeleni.cz\/wp-content\/uploads\/2025\/11\/EN_Co-fundedbytheEU_RGB_POS-300x67.png 300w, https:\/\/mladi-zeleni.cz\/wp-content\/uploads\/2025\/11\/EN_Co-fundedbytheEU_RGB_POS-1024x228.png 1024w, https:\/\/mladi-zeleni.cz\/wp-content\/uploads\/2025\/11\/EN_Co-fundedbytheEU_RGB_POS-768x171.png 768w, https:\/\/mladi-zeleni.cz\/wp-content\/uploads\/2025\/11\/EN_Co-fundedbytheEU_RGB_POS-1536x343.png 1536w, https:\/\/mladi-zeleni.cz\/wp-content\/uploads\/2025\/11\/EN_Co-fundedbytheEU_RGB_POS-2048x457.png 2048w, https:\/\/mladi-zeleni.cz\/wp-content\/uploads\/2025\/11\/EN_Co-fundedbytheEU_RGB_POS-18x4.png 18w\" sizes=\"(max-width: 1024px) 100vw, 1024px\" \/><\/figure>\n<\/div>\n\n\n\n<div style=\"height:100px\" aria-hidden=\"true\" class=\"wp-block-spacer\"><\/div>","protected":false},"excerpt":{"rendered":"<p>Plevel \u2013 Debaty o opomenut\u00fdch t\u00e9matech O projektu Ve\u0159ejn\u00e9 p\u0159edn\u00e1\u0161ky Stav: Projekt ji\u017e skon\u010dil. Shrnut\u00ed: V reakci na r\u016fzn\u00e9 spole\u010densk\u00e9 jevy, kter\u00e9 z\u016fst\u00e1vaj\u00ed mnohdy neprozkouman\u00e9, jsme odstartovali projekt Plevel. Jde o s\u00e9rii t\u0159\u00ed ve\u0159ejn\u00fdch debat o t\u011bchto konceptech: toxick\u00e9 maskulinit\u011b, gentrifikaci a ner\u016fstu. D\u00edv\u00e1me se na n\u011b jako na Plevel Toxick\u00e1 maskulinita. Gentrifikace. Ner\u016fst. Dlouhou [&hellip;]<\/p>\n","protected":false},"author":1,"featured_media":0,"parent":1005,"menu_order":0,"comment_status":"closed","ping_status":"closed","template":"","meta":{"_themeisle_gutenberg_block_has_review":false,"footnotes":""},"class_list":["post-762","page","type-page","status-publish","hentry"],"blocksy_meta":[],"jetpack_sharing_enabled":true,"_links":{"self":[{"href":"https:\/\/mladi-zeleni.cz\/en\/wp-json\/wp\/v2\/pages\/762","targetHints":{"allow":["GET"]}}],"collection":[{"href":"https:\/\/mladi-zeleni.cz\/en\/wp-json\/wp\/v2\/pages"}],"about":[{"href":"https:\/\/mladi-zeleni.cz\/en\/wp-json\/wp\/v2\/types\/page"}],"author":[{"embeddable":true,"href":"https:\/\/mladi-zeleni.cz\/en\/wp-json\/wp\/v2\/users\/1"}],"replies":[{"embeddable":true,"href":"https:\/\/mladi-zeleni.cz\/en\/wp-json\/wp\/v2\/comments?post=762"}],"version-history":[{"count":9,"href":"https:\/\/mladi-zeleni.cz\/en\/wp-json\/wp\/v2\/pages\/762\/revisions"}],"predecessor-version":[{"id":1008,"href":"https:\/\/mladi-zeleni.cz\/en\/wp-json\/wp\/v2\/pages\/762\/revisions\/1008"}],"up":[{"embeddable":true,"href":"https:\/\/mladi-zeleni.cz\/en\/wp-json\/wp\/v2\/pages\/1005"}],"wp:attachment":[{"href":"https:\/\/mladi-zeleni.cz\/en\/wp-json\/wp\/v2\/media?parent=762"}],"curies":[{"name":"wp","href":"https:\/\/api.w.org\/{rel}","templated":true}]}}