{"id":54,"date":"2025-09-04T16:32:08","date_gmt":"2025-09-04T16:32:08","guid":{"rendered":"http:\/\/localhost\/mladizeleniznovu\/?page_id=54"},"modified":"2025-11-12T21:39:54","modified_gmt":"2025-11-12T20:39:54","slug":"nase-hodnoty","status":"publish","type":"page","link":"https:\/\/mladi-zeleni.cz\/en\/nase-hodnoty\/","title":{"rendered":"Z\u00e1sady MZ"},"content":{"rendered":"<h2 class=\"wp-block-heading alignfull has-text-align-center has-palette-color-8-color has-text-color has-background has-link-color wp-elements-e1c3156da93f4be5c97c51be0f4857ab\" style=\"background:linear-gradient(180deg,rgb(21,164,97) 0%,rgb(60,186,146) 100%);margin-top:0;margin-bottom:0\">Z\u00e1sady Mlad\u00fdch zelen\u00fdch<\/h2>\n\n\n\n<div style=\"height:30px\" aria-hidden=\"true\" class=\"wp-block-spacer\"><\/div>\n\n\n\n<p class=\"has-text-align-center has-medium-font-size\" style=\"padding-right:14%;padding-left:14%\">Mlad\u00ed zelen\u00ed jsou kolektivem mlad\u00fdch lid\u00ed, kte\u0159\u00ed usiluj\u00ed o svobodnou, solid\u00e1rn\u00ed a udr\u017eitelnou spole\u010dnost. P\u0159i sv\u00e9 \u010dinnosti i v ka\u017edodenn\u00edm \u017eivot\u011b se \u010dlenky a \u010dlenov\u00e9 Mlad\u00fdch zelen\u00fdch \u0159\u00edd\u00ed t\u011bmito z\u00e1sadami:<\/p>\n\n\n\n<div class=\"wp-block-cover is-light\" style=\"min-height:313px;aspect-ratio:unset;\"><img decoding=\"async\" width=\"2560\" height=\"1810\" class=\"wp-block-cover__image-background wp-image-632 size-full\" alt=\"\" src=\"https:\/\/mladi-zeleni.cz\/wp-content\/uploads\/2025\/09\/20240501_150630-kopie-scaled.jpg\" data-object-fit=\"cover\" srcset=\"https:\/\/mladi-zeleni.cz\/wp-content\/uploads\/2025\/09\/20240501_150630-kopie-scaled.jpg 2560w, https:\/\/mladi-zeleni.cz\/wp-content\/uploads\/2025\/09\/20240501_150630-kopie-300x212.jpg 300w, https:\/\/mladi-zeleni.cz\/wp-content\/uploads\/2025\/09\/20240501_150630-kopie-1024x724.jpg 1024w, https:\/\/mladi-zeleni.cz\/wp-content\/uploads\/2025\/09\/20240501_150630-kopie-768x543.jpg 768w, https:\/\/mladi-zeleni.cz\/wp-content\/uploads\/2025\/09\/20240501_150630-kopie-1536x1086.jpg 1536w, https:\/\/mladi-zeleni.cz\/wp-content\/uploads\/2025\/09\/20240501_150630-kopie-2048x1448.jpg 2048w\" sizes=\"(max-width: 2560px) 100vw, 2560px\" \/><span aria-hidden=\"true\" class=\"wp-block-cover__background has-background-dim-80 has-background-dim\" style=\"background-color:#8f8177\"><\/span><div class=\"wp-block-cover__inner-container is-layout-constrained wp-block-cover-is-layout-constrained\">\n<div class=\"wp-block-columns are-vertically-aligned-center is-layout-flex wp-container-core-columns-is-layout-aa016f2c wp-block-columns-is-layout-flex\" style=\"padding-bottom:var(--wp--preset--spacing--50)\">\n<div class=\"wp-block-column is-vertically-aligned-center is-layout-constrained wp-container-core-column-is-layout-955a41a9 wp-block-column-is-layout-constrained\" style=\"padding-right:var(--wp--preset--spacing--60);padding-left:var(--wp--preset--spacing--60);flex-basis:15%\">\n<h2 class=\"wp-block-heading has-text-align-center has-palette-color-8-color has-palette-color-2-background-color has-text-color has-background has-link-color has-xx-large-font-size wp-elements-3b431f120d1e449ef9998ed50ab4aa3b\" style=\"border-style:none;border-width:0px;margin-top:0;margin-right:0;margin-bottom:0;margin-left:0;padding-top:0;padding-right:0;padding-bottom:0;padding-left:0\">1.<\/h2>\n<\/div>\n\n\n\n<div class=\"wp-block-column is-vertically-aligned-center is-layout-flow wp-block-column-is-layout-flow\" style=\"padding-right:var(--wp--preset--spacing--60);padding-left:var(--wp--preset--spacing--60);flex-basis:90%\">\n<h2 class=\"wp-block-heading has-text-align-center has-palette-color-8-color has-text-color has-link-color wp-elements-b16d14d60361fb7d563ae5d5a7ffb928\">Spole\u010densk\u00e1 a ekologick\u00e1 spravedlnost<\/h2>\n\n\n\n<p class=\"has-palette-color-8-color has-text-color has-link-color has-medium-font-size wp-elements-f5fc6e7049f06828e9d54c8a988c9ac4\">Usilujeme o spravedlivou transformaci spole\u010dnosti, kter\u00e1 p\u0159ekon\u00e1v\u00e1 syst\u00e9m vyko\u0159is\u0165ov\u00e1n\u00ed lid\u00ed, zv\u00ed\u0159at i planety, proto odm\u00edt\u00e1me jak\u00e9koliv syst\u00e9my zalo\u017een\u00e9 na \u00fatlaku a nerovnostech: neoliberalismus, patriarch\u00e1t, kapitalismus a kolonialismus.<\/p>\n\n\n\n<p class=\"has-palette-color-8-color has-text-color has-link-color has-medium-font-size wp-elements-a9863990553cff2aabb8f3c764ebfb97\">Nap\u0159\u00edklad na klimatickou krizi, za kterou stoj\u00ed nerovnosti spole\u010dnosti a zneu\u017eit\u00ed politick\u00e9 a ekonomick\u00e9 moci. Abychom dos\u00e1hli demokratick\u00e9 kontroly ekonomiky, mus\u00edme pos\u00edlit ve\u0159ejn\u00e9 a dru\u017estevn\u00ed vlastnictv\u00ed instituc\u00ed a slu\u017eeb.<\/p>\n<\/div>\n<\/div>\n<\/div><\/div>\n\n\n\n<div class=\"wp-block-columns are-vertically-aligned-center is-layout-flex wp-container-core-columns-is-layout-51c0b34d wp-block-columns-is-layout-flex\" style=\"padding-top:var(--wp--preset--spacing--50);padding-bottom:var(--wp--preset--spacing--50)\">\n<div class=\"wp-block-column is-vertically-aligned-center is-layout-constrained wp-container-core-column-is-layout-955a41a9 wp-block-column-is-layout-constrained\" style=\"padding-right:var(--wp--preset--spacing--60);padding-left:var(--wp--preset--spacing--60);flex-basis:15%\">\n<h2 class=\"wp-block-heading has-text-align-center has-palette-color-2-background-color has-background has-xx-large-font-size\" style=\"border-style:none;border-width:0px;margin-top:0;margin-right:0;margin-bottom:0;margin-left:0;padding-top:0;padding-right:0;padding-bottom:0;padding-left:0\">2.<\/h2>\n<\/div>\n\n\n\n<div class=\"wp-block-column is-vertically-aligned-center is-layout-flow wp-block-column-is-layout-flow\" style=\"flex-basis:90%\">\n<h2 class=\"wp-block-heading has-text-align-center\"><strong><strong>Solidarita a rovnost<\/strong><\/strong><\/h2>\n\n\n\n<p class=\"has-medium-font-size\">Stoj\u00edme na stran\u011b utla\u010dovan\u00fdch a soci\u00e1ln\u011b vylou\u010den\u00fdch skupin; aktivn\u011b bojujeme proti rasismu, sexismu, homofobii, transfobii, ableismu (diskriminaci posti\u017een\u00fdch) a v\u0161em form\u00e1m dal\u0161\u00ed diskriminace.<\/p>\n\n\n\n<p class=\"has-medium-font-size\">Prosazujeme feministick\u00e9 hodnoty, rovn\u00e9 zastoupen\u00ed a sd\u00edlen\u00e9 veden\u00ed, proto\u017ee v\u011b\u0159\u00edme v kolektivn\u00ed s\u00edlu komunity a p\u00e9\u010de jako politick\u00fd princip.<\/p>\n<\/div>\n<\/div>\n\n\n\n<div class=\"wp-block-cover is-light\" style=\"min-height:313px;aspect-ratio:unset;\"><img decoding=\"async\" width=\"2083\" height=\"2560\" class=\"wp-block-cover__image-background wp-image-255 size-full\" alt=\"\" src=\"https:\/\/mladi-zeleni.cz\/wp-content\/uploads\/2025\/09\/6DC3D575-3E27-46C5-B06A-101B551A634F-2-scaled.jpg\" data-object-fit=\"cover\" srcset=\"https:\/\/mladi-zeleni.cz\/wp-content\/uploads\/2025\/09\/6DC3D575-3E27-46C5-B06A-101B551A634F-2-scaled.jpg 2083w, https:\/\/mladi-zeleni.cz\/wp-content\/uploads\/2025\/09\/6DC3D575-3E27-46C5-B06A-101B551A634F-2-244x300.jpg 244w, https:\/\/mladi-zeleni.cz\/wp-content\/uploads\/2025\/09\/6DC3D575-3E27-46C5-B06A-101B551A634F-2-833x1024.jpg 833w, https:\/\/mladi-zeleni.cz\/wp-content\/uploads\/2025\/09\/6DC3D575-3E27-46C5-B06A-101B551A634F-2-768x944.jpg 768w, https:\/\/mladi-zeleni.cz\/wp-content\/uploads\/2025\/09\/6DC3D575-3E27-46C5-B06A-101B551A634F-2-1250x1536.jpg 1250w, https:\/\/mladi-zeleni.cz\/wp-content\/uploads\/2025\/09\/6DC3D575-3E27-46C5-B06A-101B551A634F-2-1666x2048.jpg 1666w, https:\/\/mladi-zeleni.cz\/wp-content\/uploads\/2025\/09\/6DC3D575-3E27-46C5-B06A-101B551A634F-2-200x246.jpg 200w\" sizes=\"(max-width: 2083px) 100vw, 2083px\" \/><span aria-hidden=\"true\" class=\"wp-block-cover__background has-background-dim-80 has-background-dim\" style=\"background-color:#9e9384\"><\/span><div class=\"wp-block-cover__inner-container is-layout-constrained wp-block-cover-is-layout-constrained\">\n<div class=\"wp-block-columns are-vertically-aligned-center is-layout-flex wp-container-core-columns-is-layout-5510a13b wp-block-columns-is-layout-flex\" style=\"margin-bottom:var(--wp--preset--spacing--50);padding-bottom:0\">\n<div class=\"wp-block-column is-vertically-aligned-center is-layout-constrained wp-container-core-column-is-layout-955a41a9 wp-block-column-is-layout-constrained\" style=\"padding-right:var(--wp--preset--spacing--60);padding-left:var(--wp--preset--spacing--60);flex-basis:15%\">\n<h2 class=\"wp-block-heading has-text-align-center has-palette-color-8-color has-palette-color-2-background-color has-text-color has-background has-link-color has-xx-large-font-size wp-elements-83bae92a696f16fe24d26537828e6753\" style=\"border-style:none;border-width:0px;margin-top:0;margin-right:0;margin-bottom:0;margin-left:0;padding-top:0;padding-right:0;padding-bottom:0;padding-left:0\">3.<\/h2>\n<\/div>\n\n\n\n<div class=\"wp-block-column is-vertically-aligned-center is-layout-flow wp-block-column-is-layout-flow\" style=\"padding-right:var(--wp--preset--spacing--60);padding-left:var(--wp--preset--spacing--60);flex-basis:90%\">\n<h2 class=\"wp-block-heading has-text-align-center has-palette-color-8-color has-text-color has-link-color wp-elements-d03e75af2974ba4aa872c2cf90373c98\"><strong><strong><strong><strong>Demokracie a participace<\/strong><\/strong><\/strong><\/strong><\/h2>\n\n\n\n<p class=\"has-white-color has-text-color has-link-color has-medium-font-size wp-elements-165c3ed597f1f5c34b035586a5b07ed0\">Kl\u00ed\u010dem k \u00fasp\u011b\u0161n\u00e9 spole\u010dnosti je spole\u010dn\u00e9 a transparentn\u00ed rozhodov\u00e1n\u00ed, kter\u00e9 respektuje men\u0161inov\u00e9 n\u00e1zory. Ve spolku tak usilujeme o horizont\u00e1ln\u00ed struktury, kter\u00e9 pom\u00e1haj\u00ed nastavit f\u00e9rovou distribuci moci.<\/p>\n\n\n\n<p class=\"has-white-color has-text-color has-link-color has-medium-font-size wp-elements-9409a375a50f4cc98706ab8479dd4af2\">Aby se \u010dleni*ky c\u00edtili ve spolku v\u00edt\u00e1ni a mohli se bez obav pln\u011b anga\u017eovat, rozv\u00edj\u00edme kulturu d\u016fv\u011bry, db\u00e1me na otev\u0159en\u00e9 diskuze a vz\u00e1jemnou podporu.<\/p>\n<\/div>\n<\/div>\n<\/div><\/div>\n\n\n\n<div class=\"wp-block-columns are-vertically-aligned-center is-layout-flex wp-container-core-columns-is-layout-51c0b34d wp-block-columns-is-layout-flex\" style=\"padding-top:var(--wp--preset--spacing--50);padding-bottom:var(--wp--preset--spacing--50)\">\n<div class=\"wp-block-column is-vertically-aligned-center is-layout-constrained wp-container-core-column-is-layout-955a41a9 wp-block-column-is-layout-constrained\" style=\"padding-right:var(--wp--preset--spacing--60);padding-left:var(--wp--preset--spacing--60);flex-basis:15%\">\n<h2 class=\"wp-block-heading has-text-align-center has-palette-color-2-background-color has-background has-xx-large-font-size\" style=\"border-style:none;border-width:0px;margin-top:0;margin-right:0;margin-bottom:0;margin-left:0;padding-top:0;padding-right:0;padding-bottom:0;padding-left:0\">4.<\/h2>\n<\/div>\n\n\n\n<div class=\"wp-block-column is-vertically-aligned-center is-layout-flow wp-block-column-is-layout-flow\" style=\"flex-basis:90%\">\n<h2 class=\"wp-block-heading has-text-align-center\"><strong><strong><strong>Aktivismus a ob\u010dansk\u00e1 anga\u017eovanost<\/strong><\/strong><\/strong><\/h2>\n\n\n\n<p class=\"has-medium-font-size\">Jedn\u00edm z c\u00edl\u016f spolku je propojovat lok\u00e1ln\u00ed, environment\u00e1ln\u00ed a soci\u00e1ln\u00ed hnut\u00ed a podporovat p\u0159\u00edmou akci jako legitimn\u00ed n\u00e1stroj spole\u010densk\u00e9 zm\u011bny.<\/p>\n\n\n\n<p class=\"has-medium-font-size\">Odm\u00edt\u00e1me nespravedliv\u00e9 ekonomick\u00e9 a spole\u010densk\u00e9 struktury, kter\u00e9 zasahuj\u00ed n\u00e1\u0161 v\u0161echny a zejm\u00e9na ty v t\u00ed\u017eiv\u00fdch \u017eivotn\u00edch situac\u00edch \u010di bez soci\u00e1ln\u00edch a finan\u010dn\u00edch privilegi\u00ed. Vyjad\u0159ujeme proto v\u017edy solidaritu s hnut\u00edmi za svobodu, rovnost a udr\u017eitelnost na cel\u00e9m sv\u011bt\u011b.<\/p>\n<\/div>\n<\/div>\n\n\n\n<div class=\"wp-block-cover\" style=\"min-height:313px;aspect-ratio:unset;\"><img decoding=\"async\" width=\"2560\" height=\"1920\" class=\"wp-block-cover__image-background wp-image-634 size-full\" alt=\"\" src=\"https:\/\/mladi-zeleni.cz\/wp-content\/uploads\/2025\/09\/IMG_4547-scaled.jpeg\" style=\"object-position:50% 36%\" data-object-fit=\"cover\" data-object-position=\"50% 36%\" srcset=\"https:\/\/mladi-zeleni.cz\/wp-content\/uploads\/2025\/09\/IMG_4547-scaled.jpeg 2560w, https:\/\/mladi-zeleni.cz\/wp-content\/uploads\/2025\/09\/IMG_4547-300x225.jpeg 300w, https:\/\/mladi-zeleni.cz\/wp-content\/uploads\/2025\/09\/IMG_4547-1024x768.jpeg 1024w, https:\/\/mladi-zeleni.cz\/wp-content\/uploads\/2025\/09\/IMG_4547-768x576.jpeg 768w, https:\/\/mladi-zeleni.cz\/wp-content\/uploads\/2025\/09\/IMG_4547-1536x1152.jpeg 1536w, https:\/\/mladi-zeleni.cz\/wp-content\/uploads\/2025\/09\/IMG_4547-2048x1536.jpeg 2048w\" sizes=\"(max-width: 2560px) 100vw, 2560px\" \/><span aria-hidden=\"true\" class=\"wp-block-cover__background has-background-dim-80 has-background-dim\" style=\"background-color:#6c614c\"><\/span><div class=\"wp-block-cover__inner-container is-layout-constrained wp-block-cover-is-layout-constrained\">\n<div class=\"wp-block-columns are-vertically-aligned-center is-layout-flex wp-container-core-columns-is-layout-8351d469 wp-block-columns-is-layout-flex\" style=\"margin-bottom:var(--wp--preset--spacing--50)\">\n<div class=\"wp-block-column is-vertically-aligned-center is-layout-constrained wp-container-core-column-is-layout-955a41a9 wp-block-column-is-layout-constrained\" style=\"padding-right:var(--wp--preset--spacing--60);padding-left:var(--wp--preset--spacing--60);flex-basis:15%\">\n<h2 class=\"wp-block-heading has-text-align-center has-palette-color-8-color has-palette-color-2-background-color has-text-color has-background has-link-color has-xx-large-font-size wp-elements-1d3f2805fc80904d76da77f903cad06f\" style=\"border-style:none;border-width:0px;margin-top:0;margin-right:0;margin-bottom:0;margin-left:0;padding-top:0;padding-right:0;padding-bottom:0;padding-left:0\">5.<\/h2>\n<\/div>\n\n\n\n<div class=\"wp-block-column is-vertically-aligned-center is-layout-flow wp-block-column-is-layout-flow\" style=\"padding-right:var(--wp--preset--spacing--60);padding-left:var(--wp--preset--spacing--60);flex-basis:90%\">\n<h2 class=\"wp-block-heading has-text-align-center has-palette-color-8-color has-text-color has-link-color wp-elements-6d7aff9eb77fba54c99ae1c652ca7389\"><strong><strong><strong>Transparentnost a odpov\u011bdnost<\/strong><\/strong><\/strong><\/h2>\n\n\n\n<p class=\"has-medium-font-size\">V\u0161echny org\u00e1ny spolku jednaj\u00ed otev\u0159en\u011b a s p\u00e9\u010d\u00ed o \u010dlenstvo, kter\u00e9 v\u011bnuje svou energii spolku. \u010cinnost jednotliv\u00fdch \u010d\u00e1st\u00ed je dokumentov\u00e1na, aby byl zaji\u0161t\u011bn p\u0159\u00edstup k informac\u00edm pro celou \u010dlenskou z\u00e1kladnu. T\u00edm je mo\u017en\u00e9 zajistit kontinuitu znalost\u00ed, p\u0159ed\u00e1v\u00e1n\u00ed zku\u0161enost\u00ed a udr\u017een\u00ed kolektivn\u00ed pam\u011bti hnut\u00ed.<\/p>\n<\/div>\n<\/div>\n<\/div><\/div>\n\n\n\n<div class=\"wp-block-columns alignfull are-vertically-aligned-center has-background is-layout-flex wp-container-core-columns-is-layout-1585fcdf wp-block-columns-is-layout-flex\" style=\"background-color:#04cd6f;padding-right:17%;padding-left:17%\">\n<div class=\"wp-block-column is-vertically-aligned-center is-layout-flow wp-container-core-column-is-layout-3e8e1870 wp-block-column-is-layout-flow\" style=\"padding-right:0;padding-left:0;flex-basis:60%\">\n<p class=\"has-text-align-center has-palette-color-8-color has-text-color has-link-color has-large-font-size wp-elements-5660b66984899450727e39713c848d45\" style=\"padding-right:0;padding-left:0\"><strong>You can find more details in Czech in our<\/strong><\/p>\n<\/div>\n\n\n\n<div class=\"wp-block-column is-vertically-aligned-center is-layout-flow wp-container-core-column-is-layout-8a368f38 wp-block-column-is-layout-flow\" style=\"flex-basis:40%\">\n<div class=\"wp-block-buttons alignwide is-content-justification-center is-layout-flex wp-container-core-buttons-is-layout-904a7717 wp-block-buttons-is-layout-flex\" style=\"margin-top:0;margin-bottom:0;padding-right:0;padding-left:0\">\n<div class=\"wp-block-button\"><a class=\"wp-block-button__link has-palette-color-1-color has-palette-color-8-background-color has-text-color has-background has-link-color has-large-font-size has-custom-font-size wp-element-button\" href=\"https:\/\/mladi-zeleni.cz\/wp-content\/uploads\/2025\/09\/PolitickyProgram_MZ_FYEG.pdf\" style=\"border-style:none;border-width:0px;padding-top:var(--wp--preset--spacing--20);padding-right:var(--wp--preset--spacing--40);padding-bottom:var(--wp--preset--spacing--20);padding-left:var(--wp--preset--spacing--40);line-height:1.3\"><strong>political program<\/strong><\/a><\/div>\n<\/div>\n<\/div>\n<\/div>","protected":false},"excerpt":{"rendered":"<p>Z\u00e1sady Mlad\u00fdch zelen\u00fdch Mlad\u00ed zelen\u00ed jsou kolektivem mlad\u00fdch lid\u00ed, kte\u0159\u00ed usiluj\u00ed o svobodnou, solid\u00e1rn\u00ed a udr\u017eitelnou spole\u010dnost. P\u0159i sv\u00e9 \u010dinnosti i v ka\u017edodenn\u00edm \u017eivot\u011b se \u010dlenky a \u010dlenov\u00e9 Mlad\u00fdch zelen\u00fdch \u0159\u00edd\u00ed t\u011bmito z\u00e1sadami: 2. Solidarita a rovnost Stoj\u00edme na stran\u011b utla\u010dovan\u00fdch a soci\u00e1ln\u011b vylou\u010den\u00fdch skupin; aktivn\u011b bojujeme proti rasismu, sexismu, homofobii, transfobii, ableismu (diskriminaci posti\u017een\u00fdch) [&hellip;]<\/p>\n","protected":false},"author":1,"featured_media":0,"parent":0,"menu_order":0,"comment_status":"closed","ping_status":"closed","template":"","meta":{"_themeisle_gutenberg_block_has_review":false,"footnotes":""},"class_list":["post-54","page","type-page","status-publish","hentry"],"blocksy_meta":[],"jetpack_sharing_enabled":true,"_links":{"self":[{"href":"https:\/\/mladi-zeleni.cz\/en\/wp-json\/wp\/v2\/pages\/54","targetHints":{"allow":["GET"]}}],"collection":[{"href":"https:\/\/mladi-zeleni.cz\/en\/wp-json\/wp\/v2\/pages"}],"about":[{"href":"https:\/\/mladi-zeleni.cz\/en\/wp-json\/wp\/v2\/types\/page"}],"author":[{"embeddable":true,"href":"https:\/\/mladi-zeleni.cz\/en\/wp-json\/wp\/v2\/users\/1"}],"replies":[{"embeddable":true,"href":"https:\/\/mladi-zeleni.cz\/en\/wp-json\/wp\/v2\/comments?post=54"}],"version-history":[{"count":36,"href":"https:\/\/mladi-zeleni.cz\/en\/wp-json\/wp\/v2\/pages\/54\/revisions"}],"predecessor-version":[{"id":1069,"href":"https:\/\/mladi-zeleni.cz\/en\/wp-json\/wp\/v2\/pages\/54\/revisions\/1069"}],"wp:attachment":[{"href":"https:\/\/mladi-zeleni.cz\/en\/wp-json\/wp\/v2\/media?parent=54"}],"curies":[{"name":"wp","href":"https:\/\/api.w.org\/{rel}","templated":true}]}}