{"id":32,"date":"2025-09-04T16:13:25","date_gmt":"2025-09-04T16:13:25","guid":{"rendered":"http:\/\/localhost\/mladizeleniznovu\/?page_id=32"},"modified":"2025-09-07T08:29:05","modified_gmt":"2025-09-07T08:29:05","slug":"vyjadreni","status":"publish","type":"page","link":"https:\/\/mladi-zeleni.cz\/en\/vyjadreni\/","title":{"rendered":"Statements"},"content":{"rendered":"<h2 class=\"wp-block-heading alignfull has-text-align-center has-palette-color-8-color has-text-color has-background has-link-color wp-elements-d8113bde3fe89f1a0d711925cc080ce1\" style=\"background:linear-gradient(180deg,rgb(21,164,97) 0%,rgb(60,186,146) 100%);margin-top:0;margin-bottom:0\">Vyj\u00e1d\u0159en\u00ed spolku<\/h2>\n\n\n\n<div style=\"height:26px\" aria-hidden=\"true\" class=\"wp-block-spacer\"><\/div>\n\n\n<div class=\"wp-block-blocksy-query\" data-id=\"e90050e1\"><div class=\"ct-posts-block\" data-prefix=\"blog\"><div class=\"entries\" data-archive=\"default\" data-layout=\"grid\" data-cards=\"boxed\" data-hover=\"zoom-in\"><article class=\"entry-card card-content post-178 post type-post status-publish format-standard has-post-thumbnail hentry category-vyjadreni-2\" ><h2 class=\"entry-title\"><a href=\"https:\/\/mladi-zeleni.cz\/en\/2025\/09\/05\/vyjadreni-ke-genocide-palestincu\/\" rel=\"bookmark\">Vyj\u00e1d\u0159en\u00ed ke genocid\u011b Palestinc\u016f<\/a><\/h2><a class=\"ct-media-container boundless-image has-hover-effect\" href=\"https:\/\/mladi-zeleni.cz\/en\/2025\/09\/05\/vyjadreni-ke-genocide-palestincu\/\" aria-label=\"Vyj\u00e1d\u0159en\u00ed ke genocid\u011b Palestinc\u016f\"><img decoding=\"async\" width=\"768\" height=\"644\" src=\"https:\/\/mladi-zeleni.cz\/wp-content\/uploads\/2025\/09\/Vyjadreni-Mladych-zelenych-k-1-800x671-1-768x644.png\" class=\"attachment-medium_large size-medium_large wp-post-image\" alt=\"\" loading=\"lazy\" srcset=\"https:\/\/mladi-zeleni.cz\/wp-content\/uploads\/2025\/09\/Vyjadreni-Mladych-zelenych-k-1-800x671-1-768x644.png 768w, https:\/\/mladi-zeleni.cz\/wp-content\/uploads\/2025\/09\/Vyjadreni-Mladych-zelenych-k-1-800x671-1-300x252.png 300w, https:\/\/mladi-zeleni.cz\/wp-content\/uploads\/2025\/09\/Vyjadreni-Mladych-zelenych-k-1-800x671-1-200x168.png 200w, https:\/\/mladi-zeleni.cz\/wp-content\/uploads\/2025\/09\/Vyjadreni-Mladych-zelenych-k-1-800x671-1.png 800w\" sizes=\"auto, (max-width: 768px) 100vw, 768px\" itemprop=\"image\" style=\"aspect-ratio: 4\/3;\" \/><\/a><ul class=\"entry-meta\" data-type=\"simple:slash\" data-id=\"meta_2\" ><li class=\"meta-date\" itemprop=\"datePublished\"><time class=\"ct-meta-element-date\" datetime=\"2025-09-05T08:29:32+02:00\">5 September, 2025<\/time><\/li><\/ul><\/article><\/div><\/div><\/div>\n\n\n<div style=\"height:39px\" aria-hidden=\"true\" class=\"wp-block-spacer\"><\/div>","protected":false},"excerpt":{"rendered":"<p>Vyj\u00e1d\u0159en\u00ed spolku<\/p>","protected":false},"author":1,"featured_media":0,"parent":0,"menu_order":0,"comment_status":"closed","ping_status":"closed","template":"","meta":{"_themeisle_gutenberg_block_has_review":false,"footnotes":""},"class_list":["post-32","page","type-page","status-publish","hentry"],"blocksy_meta":[],"jetpack_sharing_enabled":true,"_links":{"self":[{"href":"https:\/\/mladi-zeleni.cz\/en\/wp-json\/wp\/v2\/pages\/32","targetHints":{"allow":["GET"]}}],"collection":[{"href":"https:\/\/mladi-zeleni.cz\/en\/wp-json\/wp\/v2\/pages"}],"about":[{"href":"https:\/\/mladi-zeleni.cz\/en\/wp-json\/wp\/v2\/types\/page"}],"author":[{"embeddable":true,"href":"https:\/\/mladi-zeleni.cz\/en\/wp-json\/wp\/v2\/users\/1"}],"replies":[{"embeddable":true,"href":"https:\/\/mladi-zeleni.cz\/en\/wp-json\/wp\/v2\/comments?post=32"}],"version-history":[{"count":6,"href":"https:\/\/mladi-zeleni.cz\/en\/wp-json\/wp\/v2\/pages\/32\/revisions"}],"predecessor-version":[{"id":265,"href":"https:\/\/mladi-zeleni.cz\/en\/wp-json\/wp\/v2\/pages\/32\/revisions\/265"}],"wp:attachment":[{"href":"https:\/\/mladi-zeleni.cz\/en\/wp-json\/wp\/v2\/media?parent=32"}],"curies":[{"name":"wp","href":"https:\/\/api.w.org\/{rel}","templated":true}]}}