{"id":31,"date":"2025-09-04T16:13:25","date_gmt":"2025-09-04T16:13:25","guid":{"rendered":"http:\/\/localhost\/mladizeleniznovu\/?page_id=31"},"modified":"2025-10-08T14:21:41","modified_gmt":"2025-10-08T12:21:41","slug":"darcovstvi","status":"publish","type":"page","link":"https:\/\/mladi-zeleni.cz\/en\/darcovstvi\/","title":{"rendered":"Donations"},"content":{"rendered":"<div class=\"wp-block-cover alignfull\" style=\"min-height:342px;aspect-ratio:unset;\"><img decoding=\"async\" width=\"1024\" height=\"350\" class=\"wp-block-cover__image-background wp-image-191\" alt=\"\" src=\"https:\/\/mladi-zeleni.cz\/wp-content\/uploads\/2025\/09\/22-05-18-Pubquiz-152-scaled-e1757069510345-1024x350.jpg\" data-object-fit=\"cover\" srcset=\"https:\/\/mladi-zeleni.cz\/wp-content\/uploads\/2025\/09\/22-05-18-Pubquiz-152-scaled-e1757069510345-1024x350.jpg 1024w, https:\/\/mladi-zeleni.cz\/wp-content\/uploads\/2025\/09\/22-05-18-Pubquiz-152-scaled-e1757069510345-300x103.jpg 300w, https:\/\/mladi-zeleni.cz\/wp-content\/uploads\/2025\/09\/22-05-18-Pubquiz-152-scaled-e1757069510345-768x263.jpg 768w, https:\/\/mladi-zeleni.cz\/wp-content\/uploads\/2025\/09\/22-05-18-Pubquiz-152-scaled-e1757069510345-1536x525.jpg 1536w, https:\/\/mladi-zeleni.cz\/wp-content\/uploads\/2025\/09\/22-05-18-Pubquiz-152-scaled-e1757069510345-2048x700.jpg 2048w, https:\/\/mladi-zeleni.cz\/wp-content\/uploads\/2025\/09\/22-05-18-Pubquiz-152-scaled-e1757069510345-200x68.jpg 200w\" sizes=\"(max-width: 1024px) 100vw, 1024px\" \/><span aria-hidden=\"true\" class=\"wp-block-cover__background has-background-dim-40 has-background-dim\"><\/span><div class=\"wp-block-cover__inner-container is-layout-flow wp-block-cover-is-layout-flow\">\n<p class=\"has-text-align-center has-xx-large-font-size\">Support us financially<\/p>\n<\/div><\/div>\n\n\n\n<div class=\"wp-block-media-text has-media-on-the-right is-stacked-on-mobile is-image-fill-element ticss-d892ef7f\"><div class=\"wp-block-media-text__content\">\n<p class=\"has-medium-font-size\">Financial support is incredibly important for our association, thanks to it we can finance most of our projects. Most members work voluntarily, so the money goes directly to material costs.<\/p>\n<\/div><figure class=\"wp-block-media-text__media\"><img decoding=\"async\" width=\"833\" height=\"1024\" src=\"https:\/\/mladi-zeleni.cz\/wp-content\/uploads\/2025\/09\/6DC3D575-3E27-46C5-B06A-101B551A634F-2-833x1024.jpg\" alt=\"\" class=\"wp-image-255 size-full\" style=\"object-position:50% 50%\" srcset=\"https:\/\/mladi-zeleni.cz\/wp-content\/uploads\/2025\/09\/6DC3D575-3E27-46C5-B06A-101B551A634F-2-833x1024.jpg 833w, https:\/\/mladi-zeleni.cz\/wp-content\/uploads\/2025\/09\/6DC3D575-3E27-46C5-B06A-101B551A634F-2-244x300.jpg 244w, https:\/\/mladi-zeleni.cz\/wp-content\/uploads\/2025\/09\/6DC3D575-3E27-46C5-B06A-101B551A634F-2-768x944.jpg 768w, https:\/\/mladi-zeleni.cz\/wp-content\/uploads\/2025\/09\/6DC3D575-3E27-46C5-B06A-101B551A634F-2-1250x1536.jpg 1250w, https:\/\/mladi-zeleni.cz\/wp-content\/uploads\/2025\/09\/6DC3D575-3E27-46C5-B06A-101B551A634F-2-1666x2048.jpg 1666w, https:\/\/mladi-zeleni.cz\/wp-content\/uploads\/2025\/09\/6DC3D575-3E27-46C5-B06A-101B551A634F-2-200x246.jpg 200w\" sizes=\"(max-width: 833px) 100vw, 833px\" \/><\/figure><\/div>\n\n\n\n<div class=\"wp-block-media-text alignwide is-vertically-aligned-center\" style=\"grid-template-columns:27% auto\"><figure class=\"wp-block-media-text__media\"><img decoding=\"async\" width=\"544\" height=\"544\" src=\"https:\/\/mladi-zeleni.cz\/wp-content\/uploads\/2025\/09\/image.png\" alt=\"\" class=\"wp-image-261 size-full\" srcset=\"https:\/\/mladi-zeleni.cz\/wp-content\/uploads\/2025\/09\/image.png 544w, https:\/\/mladi-zeleni.cz\/wp-content\/uploads\/2025\/09\/image-300x300.png 300w, https:\/\/mladi-zeleni.cz\/wp-content\/uploads\/2025\/09\/image-150x150.png 150w, https:\/\/mladi-zeleni.cz\/wp-content\/uploads\/2025\/09\/image-200x200.png 200w\" sizes=\"(max-width: 544px) 100vw, 544px\" \/><\/figure><div class=\"wp-block-media-text__content\">\n<p class=\"has-medium-font-size\">A transparent account is designated for financial donations, whether one-time or in the form of regular payments: <strong>2101240491 \/ 2010 <\/strong><br>The account is established exclusively for the needs of the Mlad\u00ed zelen\u00ed, z.s. association and is held at Fio Banka, a.s., V Celnici 1028\/10, CZ \u2013 117 21, Praha 1.<\/p>\n<\/div><\/div>\n\n\n\n<div class=\"wp-block-columns alignfull are-vertically-aligned-center has-background is-layout-flex wp-container-core-columns-is-layout-459f3513 wp-block-columns-is-layout-flex\" style=\"background-color:#04cd6f;padding-right:24%;padding-left:24%\">\n<div class=\"wp-block-column is-vertically-aligned-center is-layout-flow wp-container-core-column-is-layout-3e8e1870 wp-block-column-is-layout-flow\" style=\"padding-right:0;padding-left:0;flex-basis:60%\">\n<p class=\"has-text-align-center has-palette-color-8-color has-text-color has-link-color has-large-font-size wp-elements-911ca836f91f34d1425e14e60bcd6713\" style=\"padding-right:0;padding-left:0\"><strong><strong>Besides donations, you can always<\/strong><\/strong><\/p>\n<\/div>\n\n\n\n<div class=\"wp-block-column is-vertically-aligned-center is-layout-flow wp-container-core-column-is-layout-fd134cff wp-block-column-is-layout-flow\" style=\"padding-right:0;padding-left:0;flex-basis:40%\">\n<div class=\"wp-block-buttons alignwide is-content-justification-center is-layout-flex wp-container-core-buttons-is-layout-904a7717 wp-block-buttons-is-layout-flex\" style=\"margin-top:0;margin-bottom:0;padding-right:0;padding-left:0\">\n<div class=\"wp-block-button\"><a class=\"wp-block-button__link has-palette-color-2-color has-palette-color-8-background-color has-text-color has-background has-link-color has-large-font-size has-custom-font-size wp-element-button\" href=\"https:\/\/mladi-zeleni.cz\/en\/clenstvi\/\" style=\"border-style:none;border-width:0px;padding-top:var(--wp--preset--spacing--20);padding-right:var(--wp--preset--spacing--40);padding-bottom:var(--wp--preset--spacing--20);padding-left:var(--wp--preset--spacing--40);line-height:1.3\"><strong>take part<\/strong><\/a><\/div>\n<\/div>\n<\/div>\n<\/div>","protected":false},"excerpt":{"rendered":"<p>Finan\u010dn\u00ed podpora je pro n\u00e1\u0161 spolek neskute\u010dn\u011b d\u016fle\u017eit\u00e1, d\u00edky n\u00ed m\u016f\u017eeme financovat v\u011bt\u0161inu na\u0161ich projekt\u016f. V\u011bt\u0161ina \u010dlen\u016f pracuj\u00ed dobrovoln\u011b, pen\u00edze jdou proto z velk\u00e9 \u010d\u00e1sti do p\u0159\u00edmo do materi\u00e1ln\u00edch n\u00e1klad\u016f. Pro finan\u010dn\u00ed dar, a\u0165 u\u017e jednor\u00e1zov\u00fd nebo formou pravideln\u00e9 platby, je ur\u010den transparentn\u00ed \u00fa\u010det: 2101240491 \/ 2010 \u00da\u010det je zalo\u017een v\u00fdhradn\u011b pro pot\u0159eby spolku Mlad\u00ed [&hellip;]<\/p>\n","protected":false},"author":1,"featured_media":0,"parent":0,"menu_order":0,"comment_status":"closed","ping_status":"closed","template":"","meta":{"_themeisle_gutenberg_block_has_review":false,"footnotes":""},"class_list":["post-31","page","type-page","status-publish","hentry"],"blocksy_meta":[],"jetpack_sharing_enabled":true,"_links":{"self":[{"href":"https:\/\/mladi-zeleni.cz\/en\/wp-json\/wp\/v2\/pages\/31","targetHints":{"allow":["GET"]}}],"collection":[{"href":"https:\/\/mladi-zeleni.cz\/en\/wp-json\/wp\/v2\/pages"}],"about":[{"href":"https:\/\/mladi-zeleni.cz\/en\/wp-json\/wp\/v2\/types\/page"}],"author":[{"embeddable":true,"href":"https:\/\/mladi-zeleni.cz\/en\/wp-json\/wp\/v2\/users\/1"}],"replies":[{"embeddable":true,"href":"https:\/\/mladi-zeleni.cz\/en\/wp-json\/wp\/v2\/comments?post=31"}],"version-history":[{"count":15,"href":"https:\/\/mladi-zeleni.cz\/en\/wp-json\/wp\/v2\/pages\/31\/revisions"}],"predecessor-version":[{"id":933,"href":"https:\/\/mladi-zeleni.cz\/en\/wp-json\/wp\/v2\/pages\/31\/revisions\/933"}],"wp:attachment":[{"href":"https:\/\/mladi-zeleni.cz\/en\/wp-json\/wp\/v2\/media?parent=31"}],"curies":[{"name":"wp","href":"https:\/\/api.w.org\/{rel}","templated":true}]}}