{"id":29,"date":"2025-09-04T16:13:25","date_gmt":"2025-09-04T16:13:25","guid":{"rendered":"http:\/\/localhost\/mladizeleniznovu\/?page_id=29"},"modified":"2025-11-26T05:08:34","modified_gmt":"2025-11-26T04:08:34","slug":"clenstvi","status":"publish","type":"page","link":"https:\/\/mladi-zeleni.cz\/en\/clenstvi\/","title":{"rendered":"Membership"},"content":{"rendered":"<h2 class=\"wp-block-heading alignfull has-text-align-center has-palette-color-8-color has-text-color has-background has-link-color wp-elements-e5bdb8390c4eb732270da40d3aad3e66\" style=\"background:linear-gradient(180deg,rgb(21,164,97) 0%,rgb(60,186,146) 100%);margin-top:0;margin-bottom:0\">Non-binding application<\/h2>\n\n\n\n<div style=\"height:30px\" aria-hidden=\"true\" class=\"wp-block-spacer\"><\/div>\n\n\n\n<div class=\"wp-block-columns is-layout-flex wp-container-core-columns-is-layout-28f84493 wp-block-columns-is-layout-flex\">\n<div class=\"wp-block-column is-layout-flow wp-block-column-is-layout-flow\">\n<div class=\"wp-block-group is-vertical is-content-justification-center is-layout-flex wp-container-core-group-is-layout-ce155fab wp-block-group-is-layout-flex\">\n<div style=\"height:15px\" aria-hidden=\"true\" class=\"wp-block-spacer wp-container-content-42c95ffb\"><\/div>\n\n\n\n<p class=\"has-medium-font-size\">Would you like to participate in the activities of our association? Even if you are not sure about joining, you can fill out our non-binding application form or come to one of our open meetings and see how our events are organized. However please note that we are primarily a Czech-language group and as such you need to understand Czech at least on a conversational level to participate.<\/p>\n\n\n\n<figure class=\"wp-block-image size-full is-resized has-custom-border wp-container-content-9cfa9a5a\"><img decoding=\"async\" width=\"2560\" height=\"1442\" src=\"https:\/\/mladi-zeleni.cz\/wp-content\/uploads\/2025\/11\/01133336-scaled.jpg\" alt=\"\" class=\"wp-image-1078\" style=\"border-radius:13px;width:584px;height:auto\" srcset=\"https:\/\/mladi-zeleni.cz\/wp-content\/uploads\/2025\/11\/01133336-scaled.jpg 2560w, https:\/\/mladi-zeleni.cz\/wp-content\/uploads\/2025\/11\/01133336-300x169.jpg 300w, https:\/\/mladi-zeleni.cz\/wp-content\/uploads\/2025\/11\/01133336-1024x577.jpg 1024w, https:\/\/mladi-zeleni.cz\/wp-content\/uploads\/2025\/11\/01133336-768x433.jpg 768w, https:\/\/mladi-zeleni.cz\/wp-content\/uploads\/2025\/11\/01133336-1536x865.jpg 1536w, https:\/\/mladi-zeleni.cz\/wp-content\/uploads\/2025\/11\/01133336-2048x1154.jpg 2048w, https:\/\/mladi-zeleni.cz\/wp-content\/uploads\/2025\/11\/01133336-18x10.jpg 18w\" sizes=\"(max-width: 2560px) 100vw, 2560px\" \/><\/figure>\n<\/div>\n\n\n\n<div id=\"wp-block-themeisle-blocks-button-group-722c1d2c\" class=\"wp-block-themeisle-blocks-button-group wp-block-buttons align-center-desktop\">\n<div id=\"wp-block-themeisle-blocks-button-7e4fb72f\" class=\"wp-block-themeisle-blocks-button wp-block-button\"><a href=\"https:\/\/docs.google.com\/forms\/d\/e\/1FAIpQLSc3cMbOAerpjyfi51OIh7Z1yTk9uMlnYXxnfbA_e-KprXAKEQ\/viewform\" target=\"_blank\" rel=\"noopener noreferrer\" class=\"wp-block-button__link\"><span><strong>Nothing is showing up? Open the form in a new window<\/strong><\/span><i class=\"fas fa-fw fa-link margin-left\"><\/i><\/a><\/div>\n<\/div>\n<\/div>\n\n\n\n<div class=\"wp-block-column is-layout-flow wp-block-column-is-layout-flow\">\n<iframe loading=\"lazy\" src=\"https:\/\/docs.google.com\/forms\/d\/e\/1FAIpQLSc3cMbOAerpjyfi51OIh7Z1yTk9uMlnYXxnfbA_e-KprXAKEQ\/viewform?embedded=true\" width=\"100%\" height=\"1200\" frameborder=\"0\" marginwidth=\"0\" marginheight=\"0\">Na\u010d\u00edt\u00e1n\u00ed\u2026<\/iframe>\n<\/div>\n<\/div>\n\n\n\n<div class=\"wp-block-columns alignfull are-vertically-aligned-center has-background is-layout-flex wp-container-core-columns-is-layout-d4e3e303 wp-block-columns-is-layout-flex\" style=\"background-color:#04cd6f;padding-right:18%;padding-left:18%\">\n<div class=\"wp-block-column is-vertically-aligned-center is-layout-flow wp-container-core-column-is-layout-3e8e1870 wp-block-column-is-layout-flow\" style=\"padding-right:0;padding-left:0;flex-basis:60%\">\n<p class=\"has-text-align-center has-palette-color-8-color has-text-color has-link-color has-large-font-size wp-elements-a62f0b3bc206a2ab268b173b07f505b7\" style=\"padding-right:0;padding-left:0\"><strong><strong><strong><strong>Not that young anymore? You can always<\/strong><\/strong><\/strong><\/strong><\/p>\n<\/div>\n\n\n\n<div class=\"wp-block-column is-vertically-aligned-center is-layout-flow wp-container-core-column-is-layout-fd134cff wp-block-column-is-layout-flow\" style=\"padding-right:0;padding-left:0;flex-basis:25%\">\n<div class=\"wp-block-buttons alignwide is-content-justification-center is-layout-flex wp-container-core-buttons-is-layout-904a7717 wp-block-buttons-is-layout-flex\" style=\"margin-top:0;margin-bottom:0;padding-right:0;padding-left:0\">\n<div class=\"wp-block-button\"><a class=\"wp-block-button__link has-palette-color-2-color has-palette-color-8-background-color has-text-color has-background has-link-color has-large-font-size has-custom-font-size wp-element-button\" href=\"https:\/\/mladi-zeleni.cz\/en\/darcovstvi\/\" style=\"border-style:none;border-width:0px;padding-top:var(--wp--preset--spacing--20);padding-right:var(--wp--preset--spacing--40);padding-bottom:var(--wp--preset--spacing--20);padding-left:var(--wp--preset--spacing--40);line-height:1.3\"><strong>support us<\/strong><\/a><\/div>\n<\/div>\n<\/div>\n<\/div>","protected":false},"excerpt":{"rendered":"<p>Nez\u00e1vazn\u00e1 p\u0159ihl\u00e1\u0161ka Cht\u011bli byste se pod\u00edlet na aktivit\u00e1ch na\u0161eho spolku? I kdy\u017e nejste rozhodnut\u00ed se p\u0159ipojit, m\u016f\u017eete vyplnit na\u0161i nez\u00e1vaznou p\u0159ihl\u00e1\u0161ku nebo p\u0159ij\u00edt na jednu z na\u0161ich otev\u0159en\u00fdch sch\u016fzek a pod\u00edvat se, jak prob\u00edh\u00e1 organizace na\u0161ich akc\u00ed. Na\u010d\u00edt\u00e1n\u00ed\u2026 U\u017e nejste tak mlad\u00ed? V\u017edy n\u00e1s m\u016f\u017eete<\/p>","protected":false},"author":1,"featured_media":0,"parent":0,"menu_order":0,"comment_status":"closed","ping_status":"closed","template":"","meta":{"_themeisle_gutenberg_block_has_review":false,"footnotes":""},"class_list":["post-29","page","type-page","status-publish","hentry"],"blocksy_meta":[],"jetpack_sharing_enabled":true,"_links":{"self":[{"href":"https:\/\/mladi-zeleni.cz\/en\/wp-json\/wp\/v2\/pages\/29","targetHints":{"allow":["GET"]}}],"collection":[{"href":"https:\/\/mladi-zeleni.cz\/en\/wp-json\/wp\/v2\/pages"}],"about":[{"href":"https:\/\/mladi-zeleni.cz\/en\/wp-json\/wp\/v2\/types\/page"}],"author":[{"embeddable":true,"href":"https:\/\/mladi-zeleni.cz\/en\/wp-json\/wp\/v2\/users\/1"}],"replies":[{"embeddable":true,"href":"https:\/\/mladi-zeleni.cz\/en\/wp-json\/wp\/v2\/comments?post=29"}],"version-history":[{"count":54,"href":"https:\/\/mladi-zeleni.cz\/en\/wp-json\/wp\/v2\/pages\/29\/revisions"}],"predecessor-version":[{"id":1079,"href":"https:\/\/mladi-zeleni.cz\/en\/wp-json\/wp\/v2\/pages\/29\/revisions\/1079"}],"wp:attachment":[{"href":"https:\/\/mladi-zeleni.cz\/en\/wp-json\/wp\/v2\/media?parent=29"}],"curies":[{"name":"wp","href":"https:\/\/api.w.org\/{rel}","templated":true}]}}