{"id":23,"date":"2025-09-04T15:58:34","date_gmt":"2025-09-04T15:58:34","guid":{"rendered":"http:\/\/localhost\/mladizeleniznovu\/?page_id=23"},"modified":"2026-04-21T12:05:14","modified_gmt":"2026-04-21T10:05:14","slug":"kontakty","status":"publish","type":"page","link":"https:\/\/mladi-zeleni.cz\/en\/kontakty\/","title":{"rendered":"Contacts"},"content":{"rendered":"<h2 class=\"wp-block-heading alignfull has-text-align-center has-palette-color-8-color has-text-color has-background has-link-color wp-elements-6fb6e443432b6d22e2c646d72a0e44f1\" style=\"background:linear-gradient(180deg,rgb(21,164,97) 0%,rgb(60,186,146) 100%);margin-top:0;margin-bottom:0\">Contacts &amp; PR<\/h2>\n\n\n\n<div style=\"height:25px\" aria-hidden=\"true\" class=\"wp-block-spacer\"><\/div>\n\n\n\n<div class=\"wp-block-columns is-layout-flex wp-container-core-columns-is-layout-28f84493 wp-block-columns-is-layout-flex\">\n<div class=\"wp-block-column is-layout-flow wp-block-column-is-layout-flow\">\n<div class=\"wp-block-group is-nowrap is-layout-flex wp-container-core-group-is-layout-fc054d2d wp-block-group-is-layout-flex\">\n<figure class=\"wp-block-image size-full is-resized\"><img decoding=\"async\" src=\"https:\/\/mladi-zeleni.cz\/wp-content\/uploads\/2025\/09\/mail-svgrepo-com-1.svg\" alt=\"\" class=\"wp-image-280\" style=\"width:44px;height:auto\"\/><\/figure>\n\n\n\n<h4 class=\"wp-block-heading\">E-mail:<\/h4>\n<\/div>\n\n\n\n<p class=\"has-medium-font-size\"><a href=\"mailto:kontakt.mladizeleni@gmail.com\">kontakt.mladizeleni@gmail.com<\/a><br><strong>Kontakty na jednotliv\u00e9 m\u00edstn\u00ed organizace (MO) najdete n\u00ed\u017ee.<\/strong><\/p>\n\n\n\n<div class=\"wp-block-group is-content-justification-left is-nowrap is-layout-flex wp-container-core-group-is-layout-31c170cb wp-block-group-is-layout-flex\" style=\"padding-right:0;padding-left:0\">\n<figure class=\"wp-block-image size-full is-resized\"><img decoding=\"async\" src=\"https:\/\/mladi-zeleni.cz\/wp-content\/uploads\/2025\/09\/phone-svgrepo-com.svg\" alt=\"\" class=\"wp-image-276\" style=\"width:44px;height:auto\"\/><\/figure>\n\n\n\n<h4 class=\"wp-block-heading\">Telephone:<\/h4>\n<\/div>\n\n\n\n<p class=\"has-medium-font-size\"><a href=\"tel:420731044919\">+420 731 044 919<\/a> \u2013 Franti\u0161ek H\u00e1jek (spolumluv\u010d\u00ed)<br><a href=\"tel:420723333892\">+420 723 333 892<\/a> \u2013 Anna Smyslov\u00e1 (spolumluv\u010d\u00ed)<\/p>\n\n\n\n<div class=\"wp-block-group is-content-justification-left is-nowrap is-layout-flex wp-container-core-group-is-layout-31c170cb wp-block-group-is-layout-flex\" style=\"padding-right:0;padding-left:0\">\n<figure class=\"wp-block-image size-full is-resized\"><img decoding=\"async\" src=\"https:\/\/mladi-zeleni.cz\/wp-content\/uploads\/2025\/09\/network-svgrepo-com.svg\" alt=\"\" class=\"wp-image-277\" style=\"width:44px;height:auto\"\/><\/figure>\n\n\n\n<h4 class=\"wp-block-heading\">Social networks:<\/h4>\n<\/div>\n\n\n\n<ul class=\"wp-block-list\">\n<li class=\"has-medium-font-size\">Instagram:&nbsp;<a href=\"https:\/\/www.instagram.com\/mladi_zeleni\/\">https:\/\/www.instagram.com\/mladi_zeleni<\/a><\/li>\n\n\n\n<li class=\"has-medium-font-size\">Facebook:&nbsp;<a href=\"https:\/\/www.facebook.com\/mladizeleni\">https:\/\/www.facebook.com\/mladizeleni<\/a><\/li>\n<\/ul>\n\n\n\n<div class=\"wp-block-group is-content-justification-left is-nowrap is-layout-flex wp-container-core-group-is-layout-31c170cb wp-block-group-is-layout-flex\" style=\"padding-right:0;padding-left:0\">\n<figure class=\"wp-block-image size-full is-resized\"><img decoding=\"async\" src=\"https:\/\/mladi-zeleni.cz\/wp-content\/uploads\/2025\/09\/download-svgrepo-com.svg\" alt=\"\" class=\"wp-image-289\" style=\"width:44px;height:auto\"\/><\/figure>\n\n\n\n<h4 class=\"wp-block-heading\">Downloads:<\/h4>\n<\/div>\n\n\n\n<div class=\"wp-block-buttons is-vertical is-content-justification-left is-layout-flex wp-container-core-buttons-is-layout-71e3c8f8 wp-block-buttons-is-layout-flex\">\n<div class=\"wp-block-button\"><a class=\"wp-block-button__link wp-element-button\" href=\"https:\/\/mladi-zeleni.cz\/wp-content\/uploads\/2025\/09\/14-scaled.png\">Logo horizontal CZ<\/a><\/div>\n\n\n\n<div class=\"wp-block-button\"><a class=\"wp-block-button__link wp-element-button\" href=\"https:\/\/mladi-zeleni.cz\/wp-content\/uploads\/2025\/09\/14-scaled.png\">Logo horizontal EN<\/a><\/div>\n\n\n\n<div class=\"wp-block-button\"><a class=\"wp-block-button__link wp-element-button\" href=\"https:\/\/mladi-zeleni.cz\/wp-content\/uploads\/2025\/09\/Logo-Mladych-zelenych-na-vysku-bile-scaled.png\">Logo vertical CZ<\/a><\/div>\n\n\n\n<div class=\"wp-block-button\"><a class=\"wp-block-button__link wp-element-button\" href=\"https:\/\/mladi-zeleni.cz\/wp-content\/uploads\/2025\/09\/LogoManual.pdf\">Logo manual<\/a><\/div>\n<\/div>\n<\/div>\n\n\n\n<div class=\"wp-block-column is-layout-flow wp-block-column-is-layout-flow\">\n<div class=\"wp-block-group is-content-justification-left is-nowrap is-layout-flex wp-container-core-group-is-layout-31c170cb wp-block-group-is-layout-flex\" style=\"padding-right:0;padding-left:0\">\n<figure class=\"wp-block-image size-full is-resized\"><img decoding=\"async\" src=\"https:\/\/mladi-zeleni.cz\/wp-content\/uploads\/2025\/09\/law-building-solid-svgrepo-com.svg\" alt=\"\" class=\"wp-image-275\" style=\"width:44px;height:auto\"\/><\/figure>\n\n\n\n<h4 class=\"wp-block-heading\">I\u010cO:<\/h4>\n<\/div>\n\n\n\n<p class=\"has-medium-font-size\"><strong>26527359<\/strong><\/p>\n\n\n\n<div class=\"wp-block-group is-content-justification-left is-nowrap is-layout-flex wp-container-core-group-is-layout-31c170cb wp-block-group-is-layout-flex\" style=\"padding-right:0;padding-left:0\">\n<figure class=\"wp-block-image size-full is-resized\"><img decoding=\"async\" src=\"https:\/\/mladi-zeleni.cz\/wp-content\/uploads\/2025\/09\/pin-sharp-circle-624-svgrepo-com.svg\" alt=\"\" class=\"wp-image-274\" style=\"width:44px;height:auto\"\/><\/figure>\n\n\n\n<h4 class=\"wp-block-heading\">Address of the official residence:<\/h4>\n<\/div>\n\n\n\n<p class=\"has-medium-font-size\">\u0158e\u0161ovsk\u00e1 495\/18, Bohnice, 181 00 Praha 8<\/p>\n\n\n\n<iframe loading=\"lazy\" style=\"border: 0;\" src=\"https:\/\/www.google.com\/maps\/embed?pb=!1m18!1m12!1m3!1d2557.6983673711024!2d14.411212176424728!3d50.129366010430736!2m3!1f0!2f0!3f0!3m2!1i1024!2i768!4f13.1!3m3!1m2!1s0x470beadc0b44292b%3A0x57b5f6dbe6377082!2zxZhlxaFvdnNrw6EgNDk1LzE4LCAxODEgMDAgUHJhaGEgOC1Cb2huaWNlLCDEjGVza28!5e0!3m2!1scs!2sro!4v1749807497548!5m2!1scs!2sro\" width=\"100%\" height=\"450\" allowfullscreen=\"allowfullscreen\"><\/iframe>\n<\/div>\n<\/div>\n\n\n\n<div class=\"wp-block-group is-nowrap is-layout-flex wp-container-core-group-is-layout-fc054d2d wp-block-group-is-layout-flex\">\n<figure class=\"wp-block-image size-full is-resized\"><img decoding=\"async\" src=\"https:\/\/mladi-zeleni.cz\/wp-content\/uploads\/2025\/09\/mail-svgrepo-com-1.svg\" alt=\"\" class=\"wp-image-280\" style=\"width:44px;height:auto\"\/><\/figure>\n\n\n\n<h4 class=\"wp-block-heading\">E-mailov\u00e9 kontakty na z\u00e1stupce MO:<\/h4>\n<\/div>\n\n\n\n<div class=\"wp-block-columns is-layout-flex wp-container-core-columns-is-layout-28f84493 wp-block-columns-is-layout-flex\">\n<div class=\"wp-block-column is-layout-flow wp-block-column-is-layout-flow\">\n<p style=\"margin-bottom:0;padding-bottom:0;font-size:clamp(16.834px, 1.052rem + ((1vw - 3.2px) * 0.716), 26px);font-style:normal;font-weight:1000\"><strong>LO Prague and central Bohemia<\/strong><\/p>\n\n\n\n<ul class=\"wp-block-list has-medium-font-size\">\n<li>\u0160\u00e1rka Vohral\u00edkov\u00e1: <a href=\"mailto:vohrasar@seznam.cz\">vohrasar@seznam.cz<\/a><\/li>\n\n\n\n<li>Moshe Harries: <a href=\"mailto:mosheharries@gmail.com\">mosheharries@gmail.com<\/a><\/li>\n\n\n\n<li>Roz\u00e1lie Hus\u00e1kov\u00e1: <a href=\"mailto:rozalie.husakova@mladi-zeleni.cz\">rozalie.husakova@mladi-zeleni.cz<\/a><\/li>\n<\/ul>\n\n\n\n<p style=\"margin-bottom:0;padding-bottom:0;font-size:clamp(16.834px, 1.052rem + ((1vw - 3.2px) * 0.716), 26px);font-style:normal;font-weight:1000\"><strong>LO Brno and south Moravia<\/strong><\/p>\n\n\n\n<ul style=\"padding-bottom:0\" class=\"wp-block-list has-medium-font-size\">\n<li style=\"margin-top:0;margin-bottom:0;padding-top:0;padding-bottom:0\">Kratochv\u00edl Kv\u00eddo: <a href=\"mailto:kratochvil.kvido@gmail.com\">kratochvil.kvido@gmail.com<\/a><\/li>\n\n\n\n<li>Melicharov\u00e1 Ester: <a href=\"mailto:estera.melichar@gmail.com\">estera.melichar@gmail.com<\/a><\/li>\n\n\n\n<li>Hofmannov\u00e1 Mark\u00e9ta: <a href=\"mailto:cinkrlin@gmail.com\">cinkrlin@gmail.com<\/a><\/li>\n<\/ul>\n\n\n\n<p style=\"margin-bottom:0;padding-bottom:0;font-size:clamp(16.834px, 1.052rem + ((1vw - 3.2px) * 0.716), 26px);font-style:normal;font-weight:1000\"><strong>LO Ostrava<\/strong><\/p>\n\n\n\n<ul style=\"padding-bottom:0\" class=\"wp-block-list has-medium-font-size\">\n<li style=\"margin-top:0;margin-bottom:0;padding-top:0;padding-bottom:0\">Dvorsk\u00e1 Laura: <a href=\"mailto:math.laura99@gmail.com\">math.laura99@gmail.com<\/a><\/li>\n<\/ul>\n<\/div>\n\n\n\n<div class=\"wp-block-column is-layout-flow wp-block-column-is-layout-flow\">\n<p style=\"margin-bottom:0;padding-bottom:0;font-size:clamp(16.834px, 1.052rem + ((1vw - 3.2px) * 0.716), 26px);font-style:normal;font-weight:500\"><strong>LO Pilsen<\/strong><\/p>\n\n\n\n<ul style=\"padding-bottom:0\" class=\"wp-block-list has-medium-font-size\">\n<li style=\"margin-top:0;margin-bottom:0;padding-top:0;padding-bottom:0\">Jur\u00edk Martin: <a href=\"mailto:martas.jurik@seznam.cz\">martas.jurik@seznam.cz<\/a><\/li>\n\n\n\n<li>Jak\u0161ov\u00e1 Iva: <a href=\"mailto:iva.jaksova@email.cz\">iva.jaksova@email.cz<\/a><\/li>\n<\/ul>\n\n\n\n<p style=\"margin-bottom:0;padding-bottom:0;font-size:clamp(16.834px, 1.052rem + ((1vw - 3.2px) * 0.716), 26px);\"><strong>LO Olomouc<\/strong><\/p>\n\n\n\n<ul style=\"padding-bottom:0\" class=\"wp-block-list has-medium-font-size\">\n<li style=\"margin-top:0;margin-bottom:0;padding-top:0;padding-bottom:0\">Yaghobov\u00e1 Al\u017eb\u011bta: <a href=\"mailto:ayaghobova@gmail.com\">ayaghobova@gmail.com<\/a><\/li>\n<\/ul>\n\n\n\n<p style=\"margin-bottom:0;padding-bottom:0;font-size:clamp(16.834px, 1.052rem + ((1vw - 3.2px) * 0.716), 26px);\"><strong>MO Hradec Kr\u00e1lov\u00e9<\/strong><\/p>\n\n\n\n<ul style=\"padding-bottom:0\" class=\"wp-block-list has-medium-font-size\">\n<li style=\"margin-top:0;margin-bottom:0;padding-top:0;padding-bottom:0\">Mi\u0161anik Josef: <a href=\"mailto:sefo.unname@gmail.com\">sefo.unname@gmail.com<\/a><\/li>\n<\/ul>\n\n\n\n<p style=\"margin-bottom:0;padding-bottom:0;font-size:clamp(16.834px, 1.052rem + ((1vw - 3.2px) * 0.716), 26px);\"><strong>MO \u00dast\u00ed nad Labem<\/strong><\/p>\n\n\n\n<ul style=\"padding-bottom:0\" class=\"wp-block-list has-medium-font-size\">\n<li style=\"margin-top:0;margin-bottom:0;padding-top:0;padding-bottom:0\">\u0158\u00edzek Marek: <a href=\"mailto:rizekmarek17@gmail.com\">rizekmarek17@gmail.com<\/a><\/li>\n<\/ul>\n<\/div>\n<\/div>\n\n\n\n<div style=\"height:34px\" aria-hidden=\"true\" class=\"wp-block-spacer\"><\/div>","protected":false},"excerpt":{"rendered":"<p>Kontakty &amp; PR E-mail: kontakt.mladizeleni@gmail.comKontakty na jednotliv\u00e9 m\u00edstn\u00ed organizace (MO) najdete n\u00ed\u017ee. Telefon: +420 731 044 919 \u2013 Franti\u0161ek H\u00e1jek (spolumluv\u010d\u00ed)+420 723 333 892 \u2013 Anna Smyslov\u00e1 (spolumluv\u010d\u00ed) Soci\u00e1ln\u00ed s\u00edt\u011b: Ke sta\u017een\u00ed: I\u010cO: 26527359 Adresa s\u00eddla spolku: \u0158e\u0161ovsk\u00e1 495\/18, Bohnice, 181 00 Praha 8 E-mailov\u00e9 kontakty na z\u00e1stupce MO: MO Praha a st\u0159edn\u00ed \u010cechy MO [&hellip;]<\/p>\n","protected":false},"author":1,"featured_media":0,"parent":0,"menu_order":0,"comment_status":"closed","ping_status":"closed","template":"","meta":{"_themeisle_gutenberg_block_has_review":false,"footnotes":""},"class_list":["post-23","page","type-page","status-publish","hentry"],"blocksy_meta":[],"jetpack_sharing_enabled":true,"_links":{"self":[{"href":"https:\/\/mladi-zeleni.cz\/en\/wp-json\/wp\/v2\/pages\/23","targetHints":{"allow":["GET"]}}],"collection":[{"href":"https:\/\/mladi-zeleni.cz\/en\/wp-json\/wp\/v2\/pages"}],"about":[{"href":"https:\/\/mladi-zeleni.cz\/en\/wp-json\/wp\/v2\/types\/page"}],"author":[{"embeddable":true,"href":"https:\/\/mladi-zeleni.cz\/en\/wp-json\/wp\/v2\/users\/1"}],"replies":[{"embeddable":true,"href":"https:\/\/mladi-zeleni.cz\/en\/wp-json\/wp\/v2\/comments?post=23"}],"version-history":[{"count":38,"href":"https:\/\/mladi-zeleni.cz\/en\/wp-json\/wp\/v2\/pages\/23\/revisions"}],"predecessor-version":[{"id":1153,"href":"https:\/\/mladi-zeleni.cz\/en\/wp-json\/wp\/v2\/pages\/23\/revisions\/1153"}],"wp:attachment":[{"href":"https:\/\/mladi-zeleni.cz\/en\/wp-json\/wp\/v2\/media?parent=23"}],"curies":[{"name":"wp","href":"https:\/\/api.w.org\/{rel}","templated":true}]}}