{"id":211,"date":"2025-09-05T11:33:11","date_gmt":"2025-09-05T11:33:11","guid":{"rendered":"http:\/\/localhost\/mladizeleniznovu\/?page_id=211"},"modified":"2025-11-08T10:28:07","modified_gmt":"2025-11-08T09:28:07","slug":"pruvodce-casy-horici-planety","status":"publish","type":"page","link":"https:\/\/mladi-zeleni.cz\/en\/archiv-projektu\/pruvodce-casy-horici-planety\/","title":{"rendered":"Guide through the times of a burning planet"},"content":{"rendered":"<h2 class=\"wp-block-heading alignfull has-text-align-center has-palette-color-8-color has-text-color has-background has-link-color wp-elements-e771223de026f297b869477493a2f6e0\" style=\"background:linear-gradient(180deg,rgb(21,164,97) 0%,rgb(60,186,146) 100%);margin-top:0;margin-bottom:0\">Guide through the times of a burning planet<\/h2>\n\n\n\n<div style=\"height:40px\" aria-hidden=\"true\" class=\"wp-block-spacer\"><\/div>\n\n\n\n<div class=\"wp-block-columns is-layout-flex wp-container-core-columns-is-layout-28f84493 wp-block-columns-is-layout-flex\">\n<div class=\"wp-block-column has-palette-color-2-background-color has-background is-layout-flow wp-container-core-column-is-layout-9feae659 wp-block-column-is-layout-flow\" style=\"border-style:none;border-width:0px;border-radius:14px;padding-top:var(--wp--preset--spacing--40);padding-right:var(--wp--preset--spacing--40);padding-bottom:var(--wp--preset--spacing--40);padding-left:var(--wp--preset--spacing--40);flex-basis:50%\">\n<h2 class=\"wp-block-heading has-palette-color-8-color has-text-color has-link-color wp-elements-d22c1b5d768f29f3b165bcdfb3d41815\">INFOBOX<\/h2>\n\n\n\n<p class=\"has-palette-color-8-color has-text-color has-link-color has-large-font-size wp-elements-f5e45efd5083409ab06ac6c729a636b3\"><strong>State:<\/strong> Project was finished<\/p>\n\n\n\n<p class=\"has-palette-color-8-color has-text-color has-link-color has-medium-font-size wp-elements-48c6280cf760903f003a69db005efe61\"><strong>Summary:<\/strong> Young Greens and the Guide Collective have published a publication as part of the Nad\u011bje je v \u010dinech (Hope is in Action) project entitled: A Guide for Young People in the Times of a Burning Planet. It is a series of essays and texts that discuss grief, crisis, and other feelings related to climate change.<\/p>\n<\/div>\n\n\n\n<div class=\"wp-block-column is-layout-flow wp-block-column-is-layout-flow\" style=\"flex-basis:50%\">\n<h2 class=\"wp-block-heading has-text-align-center\">\u00davod<\/h2>\n\n\n\n<p class=\"has-medium-font-size\">Young Greens and the Guide Collective published a publication entitled: A Guide for Young People in Times of a Burning Planet as part of the Hope is in Action project.\u00a0<strong>Because more than\u00a0<a href=\"https:\/\/www.thelancet.com\/journals\/lanplh\/article\/PIIS2542-5196(21)00278-3\/fulltext\">half of young people<\/a>\u00a0is struggling with feelings of sadness or anxiety due to the changing climate,<\/strong> thus we decided to try to connect at least a few of them, both from various Czech activist groups and outside them, and create a collection of articles (professional or fiction, describing personal experience or created stories of other people) and artistic contributions (illustrations, photographs) on the topic of climate grief and its constructive processing.<\/p>\n<\/div>\n<\/div>\n\n\n\n<p class=\"has-medium-font-size\"><em>\"It started on a hot summer day in Ulcinj, Montenegro. I may have had a sunburn, certainly a nasopharyngitis from the air-conditioned rooms of the hotel where a meeting of green and left-wing youth organizations was taking place under the banner of CDN. That day, the idea came to make a guide. A guide to what? The times of a burning planet? How to guide young people in such complicated times as the ones we are experiencing? I probably had a sunburn, or just grief and anger from tired ecological-social resistance. But how to revive young green activists or new such people with the help of something as dead as a grant and an event built on its basis? It's hard, but we tried. A guide for young people by young people. A guide that doesn't guide, but offers perspectives that can guide, can encourage, can arouse understanding, anger, support.\"<\/em><\/p>\n\n\n\n<h2 class=\"wp-block-heading has-text-align-center\">The guide<\/h2>\n\n\n\n<p class=\"has-medium-font-size\">We have put together a mosaic of genres that revolves in a circle and creates a picture: The polycrisis we live in, the environmental anger or grief we experience, and the actions with which (some of us) deal with it. Some people's grief is political (p.9), some have a lot of questions, some let even the wheat speak about the crisis (p.23), others get involved, organize, and thus fight against the comfort, skepticism, and indifference of others (chapter Hope is in Actions), some simply can't help but throw up their hands in the field where they remember the meadow.<strong> The book does not aim to cover the entire issue either professionally or holistically; it is more of a spark,<\/strong> which could ignite people like us (suffering from skepticism, rage, or sadness) for a change.<\/p>\n\n\n\n<p class=\"has-medium-font-size\">Mosaic, the result of not always simple, fun and fulfilling work, a paper guide, a real book that fits in the breast pocket of a jacket, was created because actions inspire hope and we believe that if we join forces, we have the power to influence the future of this planet.<\/p>\n\n\n\n<p class=\"has-medium-font-size\">The publication is not for sale, if you are interested in it, please write an email to&nbsp;<a href=\"mailto:josef.horvath@mladizeleni.cz\">josef.horvath@mladizeleni.cz<\/a>.<\/p>\n\n\n\n<p class=\"has-medium-font-size\"><strong>The entire project was funded by a grant from CDNEE (Cooperation and Development Network of Eastern Europe), EYF and the Council of Europe.<\/strong><\/p>\n\n\n\n<div id=\"envira-gallery-wrap-317\" class=\"envira-gallery-wrap envira-gallery-theme-base envira-lightbox-theme-base\" itemscope itemtype=\"https:\/\/schema.org\/ImageGallery\"><div data-row-height=\"150\" data-gallery-theme=\"normal\" id=\"envira-gallery-317\" class=\"envira-gallery-public envira-gallery-justified-public envira-gallery-0-columns envira-clear enviratope envira-gallery-css-animations\" data-envira-columns=\"0\"><div id=\"envira-gallery-item-218\" class=\"envira-gallery-item enviratope-item envira-gallery-item-1 envira-lazy-load\" style=\"padding-left: 1px; padding-bottom: 1px; padding-right: 1px;\"  itemscope itemtype=\"https:\/\/schema.org\/ImageObject\"><div class=\"envira-gallery-item-inner\"><div class=\"envira-gallery-position-overlay  envira-gallery-top-left\"><\/div><div class=\"envira-gallery-position-overlay  envira-gallery-top-right\"><\/div><div class=\"envira-gallery-position-overlay  envira-gallery-bottom-left\"><\/div><div class=\"envira-gallery-position-overlay  envira-gallery-bottom-right\"><\/div><a href=\"https:\/\/mladi-zeleni.cz\/wp-content\/uploads\/2025\/09\/pruvodce_k_nahlednuti3_Stranka_03.png\" class=\"envira-gallery-317 envira-gallery-link\" rel=\"enviragallery317\" title=\"pruvodce_k_nahlednuti3_Stranka_03\" data-envira-caption=\"pruvodce_k_nahlednuti3_Stranka_03\" data-envira-retina=\"\" data-thumbnail=\"\"  itemprop=\"contentUrl\"><img decoding=\"async\" id=\"envira-gallery-image-218\" class=\"envira-gallery-image envira-gallery-image-1 envira-normal envira-lazy\" data-envira-index=\"1\" src=\"https:\/\/mladi-zeleni.cz\/wp-content\/uploads\/2025\/09\/pruvodce_k_nahlednuti3_Stranka_03-1024x925.png\" data-envira-src=\"https:\/\/mladi-zeleni.cz\/wp-content\/uploads\/2025\/09\/pruvodce_k_nahlednuti3_Stranka_03-1024x925.png\" data-envira-gallery-id=\"317\" data-envira-item-id=\"218\" data-envira-caption=\"pruvodce_k_nahlednuti3_Stranka_03\" alt=\"\" title=\"pruvodce_k_nahlednuti3_Stranka_03\"  itemprop=\"thumbnailUrl\" data-envira-srcset=\"https:\/\/mladi-zeleni.cz\/wp-content\/uploads\/2025\/09\/pruvodce_k_nahlednuti3_Stranka_03-1024x925.png 400w,https:\/\/mladi-zeleni.cz\/wp-content\/uploads\/2025\/09\/pruvodce_k_nahlednuti3_Stranka_03-1024x925.png 2x\" data-envira-width=\"300\" data-envira-height=\"271\" srcset=\"data:image\/gif;base64,R0lGODlhAQABAIAAAP\/\/\/\/\/\/\/yH5BAEKAAEALAAAAAABAAEAAAICTAEAOw==\" data-safe-src=\"data:image\/gif;base64,R0lGODlhAQABAIAAAP\/\/\/\/\/\/\/yH5BAEKAAEALAAAAAABAAEAAAICTAEAOw==\" \/><\/a><\/div><\/div><div id=\"envira-gallery-item-213\" class=\"envira-gallery-item enviratope-item envira-gallery-item-2 envira-lazy-load\" style=\"padding-left: 1px; padding-bottom: 1px; padding-right: 1px;\"  itemscope itemtype=\"https:\/\/schema.org\/ImageObject\"><div class=\"envira-gallery-item-inner\"><div class=\"envira-gallery-position-overlay  envira-gallery-top-left\"><\/div><div class=\"envira-gallery-position-overlay  envira-gallery-top-right\"><\/div><div class=\"envira-gallery-position-overlay  envira-gallery-bottom-left\"><\/div><div class=\"envira-gallery-position-overlay  envira-gallery-bottom-right\"><\/div><a href=\"https:\/\/mladi-zeleni.cz\/wp-content\/uploads\/2025\/09\/pruvodce_k_nahlednuti3_Stranka_30.png\" class=\"envira-gallery-317 envira-gallery-link\" rel=\"enviragallery317\" title=\"pruvodce_k_nahlednuti3_Stranka_30\" data-envira-caption=\"pruvodce_k_nahlednuti3_Stranka_30\" data-envira-retina=\"\" data-thumbnail=\"\"  itemprop=\"contentUrl\"><img decoding=\"async\" id=\"envira-gallery-image-213\" class=\"envira-gallery-image envira-gallery-image-2 envira-normal envira-lazy\" data-envira-index=\"2\" src=\"https:\/\/mladi-zeleni.cz\/wp-content\/uploads\/2025\/09\/pruvodce_k_nahlednuti3_Stranka_30-1024x921.png\" data-envira-src=\"https:\/\/mladi-zeleni.cz\/wp-content\/uploads\/2025\/09\/pruvodce_k_nahlednuti3_Stranka_30-1024x921.png\" data-envira-gallery-id=\"317\" data-envira-item-id=\"213\" data-envira-caption=\"pruvodce_k_nahlednuti3_Stranka_30\" alt=\"\" title=\"pruvodce_k_nahlednuti3_Stranka_30\"  itemprop=\"thumbnailUrl\" data-envira-srcset=\"https:\/\/mladi-zeleni.cz\/wp-content\/uploads\/2025\/09\/pruvodce_k_nahlednuti3_Stranka_30-1024x921.png 400w,https:\/\/mladi-zeleni.cz\/wp-content\/uploads\/2025\/09\/pruvodce_k_nahlednuti3_Stranka_30-1024x921.png 2x\" data-envira-width=\"300\" data-envira-height=\"270\" srcset=\"data:image\/gif;base64,R0lGODlhAQABAIAAAP\/\/\/\/\/\/\/yH5BAEKAAEALAAAAAABAAEAAAICTAEAOw==\" data-safe-src=\"data:image\/gif;base64,R0lGODlhAQABAIAAAP\/\/\/\/\/\/\/yH5BAEKAAEALAAAAAABAAEAAAICTAEAOw==\" \/><\/a><\/div><\/div><div id=\"envira-gallery-item-214\" class=\"envira-gallery-item enviratope-item envira-gallery-item-3 envira-lazy-load\" style=\"padding-left: 1px; padding-bottom: 1px; padding-right: 1px;\"  itemscope itemtype=\"https:\/\/schema.org\/ImageObject\"><div class=\"envira-gallery-item-inner\"><div class=\"envira-gallery-position-overlay  envira-gallery-top-left\"><\/div><div class=\"envira-gallery-position-overlay  envira-gallery-top-right\"><\/div><div class=\"envira-gallery-position-overlay  envira-gallery-bottom-left\"><\/div><div class=\"envira-gallery-position-overlay  envira-gallery-bottom-right\"><\/div><a href=\"https:\/\/mladi-zeleni.cz\/wp-content\/uploads\/2025\/09\/pruvodce_k_nahlednuti3_Stranka_58.png\" class=\"envira-gallery-317 envira-gallery-link\" rel=\"enviragallery317\" title=\"pruvodce_k_nahlednuti3_Stranka_58\" data-envira-caption=\"pruvodce_k_nahlednuti3_Stranka_58\" data-envira-retina=\"\" data-thumbnail=\"\"  itemprop=\"contentUrl\"><img decoding=\"async\" id=\"envira-gallery-image-214\" class=\"envira-gallery-image envira-gallery-image-3 envira-normal envira-lazy\" data-envira-index=\"3\" src=\"https:\/\/mladi-zeleni.cz\/wp-content\/uploads\/2025\/09\/pruvodce_k_nahlednuti3_Stranka_58-1024x922.png\" data-envira-src=\"https:\/\/mladi-zeleni.cz\/wp-content\/uploads\/2025\/09\/pruvodce_k_nahlednuti3_Stranka_58-1024x922.png\" data-envira-gallery-id=\"317\" data-envira-item-id=\"214\" data-envira-caption=\"pruvodce_k_nahlednuti3_Stranka_58\" alt=\"\" title=\"pruvodce_k_nahlednuti3_Stranka_58\"  itemprop=\"thumbnailUrl\" data-envira-srcset=\"https:\/\/mladi-zeleni.cz\/wp-content\/uploads\/2025\/09\/pruvodce_k_nahlednuti3_Stranka_58-1024x922.png 400w,https:\/\/mladi-zeleni.cz\/wp-content\/uploads\/2025\/09\/pruvodce_k_nahlednuti3_Stranka_58-1024x922.png 2x\" data-envira-width=\"300\" data-envira-height=\"270\" srcset=\"data:image\/gif;base64,R0lGODlhAQABAIAAAP\/\/\/\/\/\/\/yH5BAEKAAEALAAAAAABAAEAAAICTAEAOw==\" data-safe-src=\"data:image\/gif;base64,R0lGODlhAQABAIAAAP\/\/\/\/\/\/\/yH5BAEKAAEALAAAAAABAAEAAAICTAEAOw==\" \/><\/a><\/div><\/div><div id=\"envira-gallery-item-215\" class=\"envira-gallery-item enviratope-item envira-gallery-item-4 envira-lazy-load\" style=\"padding-left: 1px; padding-bottom: 1px; padding-right: 1px;\"  itemscope itemtype=\"https:\/\/schema.org\/ImageObject\"><div class=\"envira-gallery-item-inner\"><div class=\"envira-gallery-position-overlay  envira-gallery-top-left\"><\/div><div class=\"envira-gallery-position-overlay  envira-gallery-top-right\"><\/div><div class=\"envira-gallery-position-overlay  envira-gallery-bottom-left\"><\/div><div class=\"envira-gallery-position-overlay  envira-gallery-bottom-right\"><\/div><a href=\"https:\/\/mladi-zeleni.cz\/wp-content\/uploads\/2025\/09\/pruvodce_k_nahlednuti3_Stranka_09-scaled.png\" class=\"envira-gallery-317 envira-gallery-link\" rel=\"enviragallery317\" title=\"pruvodce_k_nahlednuti3_Stranka_09\" data-envira-caption=\"pruvodce_k_nahlednuti3_Stranka_09\" data-envira-retina=\"\" data-thumbnail=\"\"  itemprop=\"contentUrl\"><img decoding=\"async\" id=\"envira-gallery-image-215\" class=\"envira-gallery-image envira-gallery-image-4 envira-normal envira-lazy\" data-envira-index=\"4\" src=\"https:\/\/mladi-zeleni.cz\/wp-content\/uploads\/2025\/09\/pruvodce_k_nahlednuti3_Stranka_09-1024x825.png\" data-envira-src=\"https:\/\/mladi-zeleni.cz\/wp-content\/uploads\/2025\/09\/pruvodce_k_nahlednuti3_Stranka_09-1024x825.png\" data-envira-gallery-id=\"317\" data-envira-item-id=\"215\" data-envira-caption=\"pruvodce_k_nahlednuti3_Stranka_09\" alt=\"\" title=\"pruvodce_k_nahlednuti3_Stranka_09\"  itemprop=\"thumbnailUrl\" data-envira-srcset=\"https:\/\/mladi-zeleni.cz\/wp-content\/uploads\/2025\/09\/pruvodce_k_nahlednuti3_Stranka_09-1024x825.png 400w,https:\/\/mladi-zeleni.cz\/wp-content\/uploads\/2025\/09\/pruvodce_k_nahlednuti3_Stranka_09-1024x825.png 2x\" data-envira-width=\"300\" data-envira-height=\"242\" srcset=\"data:image\/gif;base64,R0lGODlhAQABAIAAAP\/\/\/\/\/\/\/yH5BAEKAAEALAAAAAABAAEAAAICTAEAOw==\" data-safe-src=\"data:image\/gif;base64,R0lGODlhAQABAIAAAP\/\/\/\/\/\/\/yH5BAEKAAEALAAAAAABAAEAAAICTAEAOw==\" \/><\/a><\/div><\/div><div id=\"envira-gallery-item-216\" class=\"envira-gallery-item enviratope-item envira-gallery-item-5 envira-lazy-load\" style=\"padding-left: 1px; padding-bottom: 1px; padding-right: 1px;\"  itemscope itemtype=\"https:\/\/schema.org\/ImageObject\"><div class=\"envira-gallery-item-inner\"><div class=\"envira-gallery-position-overlay  envira-gallery-top-left\"><\/div><div class=\"envira-gallery-position-overlay  envira-gallery-top-right\"><\/div><div class=\"envira-gallery-position-overlay  envira-gallery-bottom-left\"><\/div><div class=\"envira-gallery-position-overlay  envira-gallery-bottom-right\"><\/div><a href=\"https:\/\/mladi-zeleni.cz\/wp-content\/uploads\/2025\/09\/pruvodce_k_nahlednuti3_Stranka_05.png\" class=\"envira-gallery-317 envira-gallery-link\" rel=\"enviragallery317\" title=\"pruvodce_k_nahlednuti3_Stranka_05\" data-envira-caption=\"pruvodce_k_nahlednuti3_Stranka_05\" data-envira-retina=\"\" data-thumbnail=\"\"  itemprop=\"contentUrl\"><img decoding=\"async\" id=\"envira-gallery-image-216\" class=\"envira-gallery-image envira-gallery-image-5 envira-normal envira-lazy\" data-envira-index=\"5\" src=\"https:\/\/mladi-zeleni.cz\/wp-content\/uploads\/2025\/09\/pruvodce_k_nahlednuti3_Stranka_05-1024x921.png\" data-envira-src=\"https:\/\/mladi-zeleni.cz\/wp-content\/uploads\/2025\/09\/pruvodce_k_nahlednuti3_Stranka_05-1024x921.png\" data-envira-gallery-id=\"317\" data-envira-item-id=\"216\" data-envira-caption=\"pruvodce_k_nahlednuti3_Stranka_05\" alt=\"\" title=\"pruvodce_k_nahlednuti3_Stranka_05\"  itemprop=\"thumbnailUrl\" data-envira-srcset=\"https:\/\/mladi-zeleni.cz\/wp-content\/uploads\/2025\/09\/pruvodce_k_nahlednuti3_Stranka_05-1024x921.png 400w,https:\/\/mladi-zeleni.cz\/wp-content\/uploads\/2025\/09\/pruvodce_k_nahlednuti3_Stranka_05-1024x921.png 2x\" data-envira-width=\"300\" data-envira-height=\"270\" srcset=\"data:image\/gif;base64,R0lGODlhAQABAIAAAP\/\/\/\/\/\/\/yH5BAEKAAEALAAAAAABAAEAAAICTAEAOw==\" data-safe-src=\"data:image\/gif;base64,R0lGODlhAQABAIAAAP\/\/\/\/\/\/\/yH5BAEKAAEALAAAAAABAAEAAAICTAEAOw==\" \/><\/a><\/div><\/div><div id=\"envira-gallery-item-217\" class=\"envira-gallery-item enviratope-item envira-gallery-item-6 envira-lazy-load\" style=\"padding-left: 1px; padding-bottom: 1px; padding-right: 1px;\"  itemscope itemtype=\"https:\/\/schema.org\/ImageObject\"><div class=\"envira-gallery-item-inner\"><div class=\"envira-gallery-position-overlay  envira-gallery-top-left\"><\/div><div class=\"envira-gallery-position-overlay  envira-gallery-top-right\"><\/div><div class=\"envira-gallery-position-overlay  envira-gallery-bottom-left\"><\/div><div class=\"envira-gallery-position-overlay  envira-gallery-bottom-right\"><\/div><a href=\"https:\/\/mladi-zeleni.cz\/wp-content\/uploads\/2025\/09\/pruvodce_k_nahlednuti3_Stranka_16.png\" class=\"envira-gallery-317 envira-gallery-link\" rel=\"enviragallery317\" title=\"pruvodce_k_nahlednuti3_Stranka_16\" data-envira-caption=\"pruvodce_k_nahlednuti3_Stranka_16\" data-envira-retina=\"\" data-thumbnail=\"\"  itemprop=\"contentUrl\"><img decoding=\"async\" id=\"envira-gallery-image-217\" class=\"envira-gallery-image envira-gallery-image-6 envira-normal envira-lazy\" data-envira-index=\"6\" src=\"https:\/\/mladi-zeleni.cz\/wp-content\/uploads\/2025\/09\/pruvodce_k_nahlednuti3_Stranka_16-1024x921.png\" data-envira-src=\"https:\/\/mladi-zeleni.cz\/wp-content\/uploads\/2025\/09\/pruvodce_k_nahlednuti3_Stranka_16-1024x921.png\" data-envira-gallery-id=\"317\" data-envira-item-id=\"217\" data-envira-caption=\"pruvodce_k_nahlednuti3_Stranka_16\" alt=\"\" title=\"pruvodce_k_nahlednuti3_Stranka_16\"  itemprop=\"thumbnailUrl\" data-envira-srcset=\"https:\/\/mladi-zeleni.cz\/wp-content\/uploads\/2025\/09\/pruvodce_k_nahlednuti3_Stranka_16-1024x921.png 400w,https:\/\/mladi-zeleni.cz\/wp-content\/uploads\/2025\/09\/pruvodce_k_nahlednuti3_Stranka_16-1024x921.png 2x\" data-envira-width=\"300\" data-envira-height=\"270\" srcset=\"data:image\/gif;base64,R0lGODlhAQABAIAAAP\/\/\/\/\/\/\/yH5BAEKAAEALAAAAAABAAEAAAICTAEAOw==\" data-safe-src=\"data:image\/gif;base64,R0lGODlhAQABAIAAAP\/\/\/\/\/\/\/yH5BAEKAAEALAAAAAABAAEAAAICTAEAOw==\" \/><\/a><\/div><\/div><div id=\"envira-gallery-item-212\" class=\"envira-gallery-item enviratope-item envira-gallery-item-7 envira-lazy-load\" style=\"padding-left: 1px; padding-bottom: 1px; padding-right: 1px;\"  itemscope itemtype=\"https:\/\/schema.org\/ImageObject\"><div class=\"envira-gallery-item-inner\"><div class=\"envira-gallery-position-overlay  envira-gallery-top-left\"><\/div><div class=\"envira-gallery-position-overlay  envira-gallery-top-right\"><\/div><div class=\"envira-gallery-position-overlay  envira-gallery-bottom-left\"><\/div><div class=\"envira-gallery-position-overlay  envira-gallery-bottom-right\"><\/div><a href=\"https:\/\/mladi-zeleni.cz\/wp-content\/uploads\/2025\/09\/pruvodce_k_nahlednuti3_Stranka_67.png\" class=\"envira-gallery-317 envira-gallery-link\" rel=\"enviragallery317\" title=\"pruvodce_k_nahlednuti3_Stranka_67\" data-envira-caption=\"pruvodce_k_nahlednuti3_Stranka_67\" data-envira-retina=\"\" data-thumbnail=\"\"  itemprop=\"contentUrl\"><img decoding=\"async\" id=\"envira-gallery-image-212\" class=\"envira-gallery-image envira-gallery-image-7 envira-normal envira-lazy\" data-envira-index=\"7\" src=\"https:\/\/mladi-zeleni.cz\/wp-content\/uploads\/2025\/09\/pruvodce_k_nahlednuti3_Stranka_67-571x1024.png\" data-envira-src=\"https:\/\/mladi-zeleni.cz\/wp-content\/uploads\/2025\/09\/pruvodce_k_nahlednuti3_Stranka_67-571x1024.png\" data-envira-gallery-id=\"317\" data-envira-item-id=\"212\" data-envira-caption=\"pruvodce_k_nahlednuti3_Stranka_67\" alt=\"\" title=\"pruvodce_k_nahlednuti3_Stranka_67\"  itemprop=\"thumbnailUrl\" data-envira-srcset=\"https:\/\/mladi-zeleni.cz\/wp-content\/uploads\/2025\/09\/pruvodce_k_nahlednuti3_Stranka_67-571x1024.png 400w,https:\/\/mladi-zeleni.cz\/wp-content\/uploads\/2025\/09\/pruvodce_k_nahlednuti3_Stranka_67-571x1024.png 2x\" data-envira-width=\"167\" data-envira-height=\"300\" srcset=\"data:image\/gif;base64,R0lGODlhAQABAIAAAP\/\/\/\/\/\/\/yH5BAEKAAEALAAAAAABAAEAAAICTAEAOw==\" data-safe-src=\"data:image\/gif;base64,R0lGODlhAQABAIAAAP\/\/\/\/\/\/\/yH5BAEKAAEALAAAAAABAAEAAAICTAEAOw==\" \/><\/a><\/div><\/div><\/div><\/div><noscript><img decoding=\"async\" src=\"https:\/\/mladi-zeleni.cz\/wp-content\/uploads\/2025\/09\/pruvodce_k_nahlednuti3_Stranka_03.png\" alt=\"\" \/><img decoding=\"async\" src=\"https:\/\/mladi-zeleni.cz\/wp-content\/uploads\/2025\/09\/pruvodce_k_nahlednuti3_Stranka_30.png\" alt=\"\" \/><img decoding=\"async\" src=\"https:\/\/mladi-zeleni.cz\/wp-content\/uploads\/2025\/09\/pruvodce_k_nahlednuti3_Stranka_58.png\" alt=\"\" \/><img decoding=\"async\" src=\"https:\/\/mladi-zeleni.cz\/wp-content\/uploads\/2025\/09\/pruvodce_k_nahlednuti3_Stranka_09-scaled.png\" alt=\"\" \/><img decoding=\"async\" src=\"https:\/\/mladi-zeleni.cz\/wp-content\/uploads\/2025\/09\/pruvodce_k_nahlednuti3_Stranka_05.png\" alt=\"\" \/><img decoding=\"async\" src=\"https:\/\/mladi-zeleni.cz\/wp-content\/uploads\/2025\/09\/pruvodce_k_nahlednuti3_Stranka_16.png\" alt=\"\" \/><img decoding=\"async\" src=\"https:\/\/mladi-zeleni.cz\/wp-content\/uploads\/2025\/09\/pruvodce_k_nahlednuti3_Stranka_67.png\" alt=\"\" \/><\/noscript>","protected":false},"excerpt":{"rendered":"<p>Pr\u016fvodce \u010dasy ho\u0159\u00edc\u00ed planety INFOBOX Stav: Projekt byl dokon\u010den Shrnut\u00ed projektu: Mlad\u00ed zelen\u00ed\u00a0a\u00a0Kolektiv Pr\u016fvodce vydalx\u00a0v r\u00e1mci projektu Nad\u011bje je v \u010dinech publikaci s n\u00e1zvem: Pr\u016fvodce pro mlad\u00e9 lidi v \u010dasech ho\u0159\u00edc\u00ed planety. Jedn\u00e1 se o s\u00e9rii esej\u00ed a text\u016f, kter\u00e9 pojedn\u00e1vaj\u00ed o \u017ealu, krizi a dal\u0161\u00edch pocitech vzta\u017een\u00fdch ke zm\u011bn\u011b klimatu. \u00davod Mlad\u00ed zelen\u00ed\u00a0a\u00a0Kolektiv Pr\u016fvodce [&hellip;]<\/p>\n","protected":false},"author":1,"featured_media":0,"parent":1005,"menu_order":0,"comment_status":"closed","ping_status":"closed","template":"","meta":{"_themeisle_gutenberg_block_has_review":false,"footnotes":""},"class_list":["post-211","page","type-page","status-publish","hentry"],"blocksy_meta":[],"jetpack_sharing_enabled":true,"_links":{"self":[{"href":"https:\/\/mladi-zeleni.cz\/en\/wp-json\/wp\/v2\/pages\/211","targetHints":{"allow":["GET"]}}],"collection":[{"href":"https:\/\/mladi-zeleni.cz\/en\/wp-json\/wp\/v2\/pages"}],"about":[{"href":"https:\/\/mladi-zeleni.cz\/en\/wp-json\/wp\/v2\/types\/page"}],"author":[{"embeddable":true,"href":"https:\/\/mladi-zeleni.cz\/en\/wp-json\/wp\/v2\/users\/1"}],"replies":[{"embeddable":true,"href":"https:\/\/mladi-zeleni.cz\/en\/wp-json\/wp\/v2\/comments?post=211"}],"version-history":[{"count":11,"href":"https:\/\/mladi-zeleni.cz\/en\/wp-json\/wp\/v2\/pages\/211\/revisions"}],"predecessor-version":[{"id":1013,"href":"https:\/\/mladi-zeleni.cz\/en\/wp-json\/wp\/v2\/pages\/211\/revisions\/1013"}],"up":[{"embeddable":true,"href":"https:\/\/mladi-zeleni.cz\/en\/wp-json\/wp\/v2\/pages\/1005"}],"wp:attachment":[{"href":"https:\/\/mladi-zeleni.cz\/en\/wp-json\/wp\/v2\/media?parent=211"}],"curies":[{"name":"wp","href":"https:\/\/api.w.org\/{rel}","templated":true}]}}