{"id":19,"date":"2025-09-04T15:58:11","date_gmt":"2025-09-04T15:58:11","guid":{"rendered":"http:\/\/localhost\/mladizeleniznovu\/?page_id=19"},"modified":"2025-11-03T23:00:00","modified_gmt":"2025-11-03T22:00:00","slug":"projekty","status":"publish","type":"page","link":"https:\/\/mladi-zeleni.cz\/en\/projekty\/","title":{"rendered":"Projects"},"content":{"rendered":"<h2 class=\"wp-block-heading alignfull has-text-align-center has-palette-color-8-color has-text-color has-background has-link-color wp-elements-607192fb1eaed172ffd3f52352c007da\" style=\"background:linear-gradient(180deg,rgb(21,164,97) 0%,rgb(60,186,146) 100%);margin-top:0;margin-bottom:0\">Current projects<\/h2>\n\n\n\n<div class=\"wp-block-group alignfull has-palette-color-4-color has-text-color is-layout-flow wp-block-group-is-layout-flow\" style=\"padding-top:70px;padding-right:5%;padding-bottom:70px;padding-left:5%\">\n<div class=\"wp-block-query is-layout-flow wp-block-query-is-layout-flow\"><ul class=\"wp-block-post-template is-layout-flow wp-block-post-template-is-layout-flow\"><li class=\"wp-block-post post-1122 page type-page status-publish hentry\">\n\n<hr class=\"wp-block-separator has-text-color has-palette-color-4-color has-alpha-channel-opacity has-palette-color-4-background-color has-background alignwide is-style-wide\"\/>\n\n\n\n<div class=\"wp-block-columns alignwide are-vertically-aligned-center has-palette-color-3-color has-text-color has-link-color wp-elements-6a1784e90bbd7d1bc0d4f81828b13ae2 is-layout-flex wp-container-core-columns-is-layout-28f84493 wp-block-columns-is-layout-flex\">\n<div class=\"wp-block-column is-vertically-aligned-center is-layout-flow wp-block-column-is-layout-flow\" style=\"flex-basis:80%\"><h2 style=\"font-size:clamp(38.682px, 2.418rem + ((1vw - 3.2px) * 2.603), 72px);line-height:1.1;\" class=\"has-link-color wp-elements-fc728e6c1c8b41c35d1ef1e73eea4fef wp-block-post-title has-text-color has-palette-color-3-color\"><a href=\"https:\/\/mladi-zeleni.cz\/en\/projekty\/green-resistance-pop-iii-2026\/\" target=\"_self\" >Green Resistance Pop III \u2013 2026<\/a><\/h2><\/div>\n<\/div>\n\n<\/li><li class=\"wp-block-post post-188 page type-page status-publish hentry\">\n\n<hr class=\"wp-block-separator has-text-color has-palette-color-4-color has-alpha-channel-opacity has-palette-color-4-background-color has-background alignwide is-style-wide\"\/>\n\n\n\n<div class=\"wp-block-columns alignwide are-vertically-aligned-center has-palette-color-3-color has-text-color has-link-color wp-elements-6a1784e90bbd7d1bc0d4f81828b13ae2 is-layout-flex wp-container-core-columns-is-layout-28f84493 wp-block-columns-is-layout-flex\">\n<div class=\"wp-block-column is-vertically-aligned-center is-layout-flow wp-block-column-is-layout-flow\" style=\"flex-basis:80%\"><h2 style=\"font-size:clamp(38.682px, 2.418rem + ((1vw - 3.2px) * 2.603), 72px);line-height:1.1;\" class=\"has-link-color wp-elements-fc728e6c1c8b41c35d1ef1e73eea4fef wp-block-post-title has-text-color has-palette-color-3-color\"><a href=\"https:\/\/mladi-zeleni.cz\/en\/projekty\/auta-na-chodniku-nechceme\/\" target=\"_self\" >Cars don't belong on the sidewalk!<\/a><\/h2><\/div>\n<\/div>\n\n<\/li><\/ul><\/div>\n<\/div>\n\n\n\n<h2 class=\"wp-block-heading alignfull has-text-align-center has-palette-color-8-color has-text-color has-background has-link-color wp-elements-60425a27c1f07a8c8b27352288069c3f\" style=\"background:linear-gradient(180deg,rgb(21,164,97) 0%,rgb(60,186,146) 100%);margin-top:0;margin-bottom:0\">Projects archive<\/h2>\n\n\n\n<div class=\"wp-block-group alignfull has-palette-color-4-color has-text-color is-layout-flow wp-block-group-is-layout-flow\" style=\"padding-top:70px;padding-right:5%;padding-bottom:70px;padding-left:5%\">\n<div class=\"wp-block-query is-layout-flow wp-block-query-is-layout-flow\"><ul class=\"wp-block-post-template is-layout-flow wp-block-post-template-is-layout-flow\"><li class=\"wp-block-post post-762 page type-page status-publish hentry\">\n\n<hr class=\"wp-block-separator has-text-color has-palette-color-4-color has-alpha-channel-opacity has-palette-color-4-background-color has-background alignwide is-style-wide\"\/>\n\n\n\n<div class=\"wp-block-columns alignwide are-vertically-aligned-center has-palette-color-3-color has-text-color has-link-color wp-elements-6a1784e90bbd7d1bc0d4f81828b13ae2 is-layout-flex wp-container-core-columns-is-layout-28f84493 wp-block-columns-is-layout-flex\">\n<div class=\"wp-block-column is-vertically-aligned-center is-layout-flow wp-block-column-is-layout-flow\" style=\"flex-basis:80%\"><h2 style=\"font-size:clamp(38.682px, 2.418rem + ((1vw - 3.2px) * 2.603), 72px);line-height:1.1;\" class=\"has-link-color wp-elements-fc728e6c1c8b41c35d1ef1e73eea4fef wp-block-post-title has-text-color has-palette-color-3-color\"><a href=\"https:\/\/mladi-zeleni.cz\/en\/archiv-projektu\/plevel-debaty-o-opomenutych-tematech\/\" target=\"_self\" >Plevel \u2013 Debates about omitted topics<\/a><\/h2><\/div>\n<\/div>\n\n<\/li><li class=\"wp-block-post post-211 page type-page status-publish hentry\">\n\n<hr class=\"wp-block-separator has-text-color has-palette-color-4-color has-alpha-channel-opacity has-palette-color-4-background-color has-background alignwide is-style-wide\"\/>\n\n\n\n<div class=\"wp-block-columns alignwide are-vertically-aligned-center has-palette-color-3-color has-text-color has-link-color wp-elements-6a1784e90bbd7d1bc0d4f81828b13ae2 is-layout-flex wp-container-core-columns-is-layout-28f84493 wp-block-columns-is-layout-flex\">\n<div class=\"wp-block-column is-vertically-aligned-center is-layout-flow wp-block-column-is-layout-flow\" style=\"flex-basis:80%\"><h2 style=\"font-size:clamp(38.682px, 2.418rem + ((1vw - 3.2px) * 2.603), 72px);line-height:1.1;\" class=\"has-link-color wp-elements-fc728e6c1c8b41c35d1ef1e73eea4fef wp-block-post-title has-text-color has-palette-color-3-color\"><a href=\"https:\/\/mladi-zeleni.cz\/en\/archiv-projektu\/pruvodce-casy-horici-planety\/\" target=\"_self\" >Guide through the times of a burning planet<\/a><\/h2><\/div>\n<\/div>\n\n<\/li><\/ul><\/div>\n<\/div>\n\n\n\n<p><\/p>","protected":false},"excerpt":{"rendered":"<p>Aktu\u00e1ln\u00ed projekty Archiv projekt\u016f<\/p>","protected":false},"author":1,"featured_media":0,"parent":0,"menu_order":0,"comment_status":"closed","ping_status":"closed","template":"","meta":{"_themeisle_gutenberg_block_has_review":false,"footnotes":""},"class_list":["post-19","page","type-page","status-publish","hentry"],"blocksy_meta":[],"jetpack_sharing_enabled":true,"_links":{"self":[{"href":"https:\/\/mladi-zeleni.cz\/en\/wp-json\/wp\/v2\/pages\/19","targetHints":{"allow":["GET"]}}],"collection":[{"href":"https:\/\/mladi-zeleni.cz\/en\/wp-json\/wp\/v2\/pages"}],"about":[{"href":"https:\/\/mladi-zeleni.cz\/en\/wp-json\/wp\/v2\/types\/page"}],"author":[{"embeddable":true,"href":"https:\/\/mladi-zeleni.cz\/en\/wp-json\/wp\/v2\/users\/1"}],"replies":[{"embeddable":true,"href":"https:\/\/mladi-zeleni.cz\/en\/wp-json\/wp\/v2\/comments?post=19"}],"version-history":[{"count":15,"href":"https:\/\/mladi-zeleni.cz\/en\/wp-json\/wp\/v2\/pages\/19\/revisions"}],"predecessor-version":[{"id":1009,"href":"https:\/\/mladi-zeleni.cz\/en\/wp-json\/wp\/v2\/pages\/19\/revisions\/1009"}],"wp:attachment":[{"href":"https:\/\/mladi-zeleni.cz\/en\/wp-json\/wp\/v2\/media?parent=19"}],"curies":[{"name":"wp","href":"https:\/\/api.w.org\/{rel}","templated":true}]}}