{"id":188,"date":"2025-09-05T09:08:34","date_gmt":"2025-09-05T09:08:34","guid":{"rendered":"http:\/\/localhost\/mladizeleniznovu\/?page_id=188"},"modified":"2025-09-29T11:10:41","modified_gmt":"2025-09-29T11:10:41","slug":"auta-na-chodniku-nechceme","status":"publish","type":"page","link":"https:\/\/mladi-zeleni.cz\/en\/projekty\/auta-na-chodniku-nechceme\/","title":{"rendered":"Cars don't belong on the sidewalk!"},"content":{"rendered":"<h2 class=\"wp-block-heading alignfull has-text-align-center has-palette-color-8-color has-text-color has-background has-link-color wp-elements-d96a434957868257cbbf41247bca437a\" style=\"background:linear-gradient(180deg,rgb(21,164,97) 0%,rgb(60,186,146) 100%);margin-top:0;margin-bottom:0\">We Don't Want Cars on the Sidewalk<\/h2>\n\n\n\n<div style=\"height:30px\" aria-hidden=\"true\" class=\"wp-block-spacer\"><\/div>\n\n\n\n<p class=\"has-medium-font-size\"><\/p>\n\n\n\n<div class=\"wp-block-columns is-layout-flex wp-container-core-columns-is-layout-28f84493 wp-block-columns-is-layout-flex\">\n<div class=\"wp-block-column has-palette-color-2-background-color has-background is-layout-flow wp-container-core-column-is-layout-d028d1b8 wp-block-column-is-layout-flow\" style=\"border-style:none;border-width:0px;border-radius:14px;padding-top:var(--wp--preset--spacing--40);padding-right:var(--wp--preset--spacing--40);padding-bottom:var(--wp--preset--spacing--40);padding-left:var(--wp--preset--spacing--40);flex-basis:50%\">\n<h2 class=\"wp-block-heading has-palette-color-8-color has-text-color has-link-color wp-elements-9c09de4ca5b08e040620e6f5c81924cf\" style=\"margin-bottom:0;padding-bottom:0\">INFOBOX<\/h2>\n\n\n\n<p class=\"has-palette-color-8-color has-text-color has-link-color has-medium-font-size wp-elements-47884d3ce4e2da847ffc737681e2c6db\" style=\"padding-top:0\"><strong>Public project, in which you can participate<\/strong><\/p>\n\n\n\n<p class=\"has-palette-color-8-color has-text-color has-link-color wp-elements-2025350bc4d7d00f4d33f5e9bf59efe2\" style=\"font-size:clamp(18.434px, 1.152rem + ((1vw - 3.2px) * 0.825), 29px);\"><strong>State:<\/strong> <em>In progress<\/em><\/p>\n\n\n\n<p class=\"has-palette-color-8-color has-text-color has-link-color wp-elements-e8d96206ccd053e028b39ecb98e054c6\" style=\"font-size:clamp(17.371px, 1.086rem + ((1vw - 3.2px) * 0.752), 27px);\"><strong>Summary: <\/strong><\/p>\n\n\n\n<p class=\"has-palette-color-8-color has-text-color has-link-color has-medium-font-size wp-elements-d322ab4f18511c3d548c96356b976b2e\">The \"We Don't Want Cars on the Sidewalk\" campaign aims to draw attention to the dangers of illegal parking of cars at intersections, crosswalks, pedestrian zones, sidewalks and other places. Do you want your city to address this problem more? Find out why and how to get involved below.<\/p>\n<\/div>\n\n\n\n<div class=\"wp-block-column is-layout-flow wp-block-column-is-layout-flow\" style=\"flex-basis:50%\">\n<h2 class=\"wp-block-heading has-text-align-center\"><strong>The price we all pay for illegal parking<\/strong><\/h2>\n\n\n\n<p class=\"has-medium-font-size\">Parking in Czech cities defies any rules and negatively affects the lives of their residents.&nbsp;<strong>Vehicles are parked on sidewalks, at intersections, at crossings or in pedestrian zones, blocking the passage of pedestrians, especially those with disabilities or those with strollers, obstructing the view of passing cars and dramatically increasing the risk of collision with a person.<\/strong>Often, the only way to get around a car is to enter the road.<\/p>\n<\/div>\n<\/div>\n\n\n\n<p class=\"has-medium-font-size\"><strong>In the last two years, there have been almost 400 accidents in municipalities in the Czech Republic that were caused by the blocking of a parked vehicle. In almost 70 cases, pedestrians were injured.<\/strong>&nbsp;This behavior is especially risky for children, who are easily overlooked by drivers right on the sidewalk or hidden at the crossing behind a parked car.<\/p>\n\n\n\n<div class=\"wp-block-media-text has-media-on-the-right is-stacked-on-mobile is-image-fill-element\"><div class=\"wp-block-media-text__content\">\n<p class=\"has-medium-font-size\"><strong>In addition, by driving and standing on the sidewalk, cars destroy curbs, surfaces and utilities<\/strong>, which are repaired from public budgets. The first cubes are released from the paved sidewalk after approximately 10-30 car drives. However, the utilities under the sidewalks suffer significantly worse impacts. Older sewers are not built to withstand the load of several-ton cars. The average age of sewers in the Czech Republic is over 30 years and their repair costs in the order of hundreds of thousands or several million.<\/p>\n<\/div><figure class=\"wp-block-media-text__media\"><img decoding=\"async\" width=\"767\" height=\"1024\" src=\"https:\/\/mladi-zeleni.cz\/wp-content\/uploads\/2025\/09\/GV-5MS-WoAApnSsGDPR-767x1024.jpeg\" alt=\"\" class=\"wp-image-760 size-full\" style=\"object-position:50% 50%\" srcset=\"https:\/\/mladi-zeleni.cz\/wp-content\/uploads\/2025\/09\/GV-5MS-WoAApnSsGDPR-767x1024.jpeg 767w, https:\/\/mladi-zeleni.cz\/wp-content\/uploads\/2025\/09\/GV-5MS-WoAApnSsGDPR-225x300.jpeg 225w, https:\/\/mladi-zeleni.cz\/wp-content\/uploads\/2025\/09\/GV-5MS-WoAApnSsGDPR-768x1025.jpeg 768w, https:\/\/mladi-zeleni.cz\/wp-content\/uploads\/2025\/09\/GV-5MS-WoAApnSsGDPR-1151x1536.jpeg 1151w, https:\/\/mladi-zeleni.cz\/wp-content\/uploads\/2025\/09\/GV-5MS-WoAApnSsGDPR.jpeg 1534w\" sizes=\"(max-width: 767px) 100vw, 767px\" \/><\/figure><\/div>\n\n\n\n<p class=\"has-medium-font-size\"><strong>These are all reasons why parking on the sidewalk is generally prohibited.&nbsp;<\/strong>Yet it still happens all the time.&nbsp;<strong>The Road Traffic Act is not observed in this case and is only enforced to a very minimal extent.<\/strong><\/p>\n\n\n\n<h3 class=\"wp-block-heading\"><strong>Fines that no one pays<\/strong><\/h3>\n\n\n\n<p class=\"has-medium-font-size\"><strong><br>Statistics&nbsp;<\/strong>of the Czech Police analyzed in the past by&nbsp;<a href=\"https:\/\/denikn.cz\/1119209\/z-ulic-prahy-je-parkoviste-kde-mensina-sikanuje-vetsinu-data-ukazuji-ze-podvadet-se-vyplaci\/\">Den\u00edk N<\/a>&nbsp;and server&nbsp;<a href=\"https:\/\/www.irozhlas.cz\/zpravy-domov\/brno-doprava-parkovani-pokuty-odtahy_2005280602_jab\">iRozhlas<\/a>&nbsp;for Prague and Brno&nbsp;<strong>show that in some parts of the city, up to half of all cars park illegally&nbsp;<\/strong>(this includes non-payment of the fee in blue zones). The Councilor for Transport of the Prague 1 district, Vojt\u011bch Ryvola, adds that<strong>&nbsp;in total, the number of drivers parking illegally is&nbsp;<\/strong><a href=\"https:\/\/zdopravy.cz\/chaos-uz-prekrocil-meze-radni-chystaji-ofenzivu-boticek-ctvrtina-aut-parkuje-v-praze-nelegalne-211607\/?_zn=aWQ9OTY0OTM1NDkzODk3NDQ4MDk0MHx0PTE2ODMyMDgyNzAuNjYwfHRlPTE3MjAxMDM1MTIuODkzfGM9QjY5MUFFN0RBQTcyQjRFNTZEMDQwREYwM0JEQ0I4NkU%3D\"><strong>about 25 %<\/strong><\/a><strong>.&nbsp;<\/strong>Cities and municipal police departments are responsible for punishing illegally parked vehicles, but they are unable to deal with illegal and dangerous parking.<\/p>\n\n\n\n<div class=\"wp-block-media-text has-media-on-the-right is-stacked-on-mobile is-image-fill-element\"><div class=\"wp-block-media-text__content\">\n<p class=\"has-medium-font-size\"><strong>The number of parking violations on the sidewalk in 2022 was 101,435 (!) in Prague alone.<\/strong>It pays to ignore fines. Up to a third of them fall under administrative proceedings and are not paid.&nbsp;<strong>It rarely happens that a car is towed. The number of towing operations in Prague and Brno is negligible, and the cities do not set up their system effectively<\/strong>&nbsp;\u2013 they pay extra for their implementation instead of unruly drivers. Prague charges 1900 crowns for towing, but the costs are much higher. And according to the latest data, despite promises,&nbsp;<a href=\"https:\/\/auto-mania.cz\/v-praze-se-odtahuje-i-vice-nez-60-aut-denne-presto-se-magistratem-deklarovane-velke-navyseni-odtahu-moc-nekona\/\">the situation is not changing<\/a>.&nbsp;<strong>In Brno, 16,640 parking violations were committed in 2019, and towing was ordered in 4 of them.<\/strong><\/p>\n<\/div><figure class=\"wp-block-media-text__media\"><img decoding=\"async\" width=\"768\" height=\"1024\" src=\"https:\/\/mladi-zeleni.cz\/wp-content\/uploads\/2025\/09\/25_2_1_IMG_20250623_201643136.jpg.L2xrDjpF9g-768x1024.jpg\" alt=\"\" class=\"wp-image-756 size-full\" style=\"object-position:50% 50%\" srcset=\"https:\/\/mladi-zeleni.cz\/wp-content\/uploads\/2025\/09\/25_2_1_IMG_20250623_201643136.jpg.L2xrDjpF9g-768x1024.jpg 768w, https:\/\/mladi-zeleni.cz\/wp-content\/uploads\/2025\/09\/25_2_1_IMG_20250623_201643136.jpg.L2xrDjpF9g-225x300.jpg 225w, https:\/\/mladi-zeleni.cz\/wp-content\/uploads\/2025\/09\/25_2_1_IMG_20250623_201643136.jpg.L2xrDjpF9g-1152x1536.jpg 1152w, https:\/\/mladi-zeleni.cz\/wp-content\/uploads\/2025\/09\/25_2_1_IMG_20250623_201643136.jpg.L2xrDjpF9g-1536x2048.jpg 1536w, https:\/\/mladi-zeleni.cz\/wp-content\/uploads\/2025\/09\/25_2_1_IMG_20250623_201643136.jpg.L2xrDjpF9g-scaled.jpg 1920w\" sizes=\"(max-width: 768px) 100vw, 768px\" \/><\/figure><\/div>\n\n\n\n<p class=\"has-medium-font-size\">This situation is certainly great for cars and drivers. They park their cars in public spaces and others bear the consequences. It's as if everyone were throwing their trash anywhere and deliberately not paying for its collection.&nbsp;<strong>Just as we have trash cans and garbage collection fees for trash, we have parking spaces and parking fees for cars.<\/strong>&nbsp;But the rules for both need to be enforced equally.<\/p>\n\n\n\n<h3 class=\"wp-block-heading\"><strong>How do we catch up with the \"West\"?<\/strong><\/h3>\n\n\n\n<p class=\"has-medium-font-size\">Just look abroad, where illegal parking is taken as seriously as all other offenses, and take inspiration from the measures that were introduced there in the past.&nbsp;<strong>There is no single reason why this wouldn't work here.<\/strong><\/p>\n\n\n\n<ol class=\"wp-block-list has-medium-font-size\">\n<li>The necessary way is to make structural modifications to public spaces that can prevent illegal parking.&nbsp;<strong>Columns or greenery separating sidewalks and clearly marked parking spaces are key elements, along with new marked supply points.&nbsp;<\/strong>What certainly won't help is building more parking spaces. According to many&nbsp;<a href=\"https:\/\/www.sciencedirect.com\/science\/article\/pii\/S0965856416301525?ref=cra_js_challenge&amp;fr=RR-1\">analyses<\/a>&nbsp;this generally increases traffic density and does not solve illegal parking. In addition to a safer public space for children, parents with strollers, people with disabilities and all pedestrians, these adjustments also ensure a reduction in the number of parking spaces and thus a reduction in the abnormal number of cars and trucks. In the longer term, it also reduces the traffic load on cities, i.e. a reduction in emissions and heat produced by car engines, but also relief for motorists themselves - fewer cars on the road means traffic without queues and space for those who really need to drive.<\/li>\n\n\n\n<li><strong>Create so-called fifteen-minute cities<\/strong>, where basic services are available within 15 minutes on foot, by public transport or by bike. Examples from Oslo, Paris and Copenhagen show that such changes increase the quality of life and reduce dependence on cars. Moreover, studies confirm the economic benefits of active transport \u2013 for example, in Seville, each cycle trip instead of a car saves almost \u20ac2, while according to a Copenhagen analysis, each kilometre cycled saves society CZK 15.5 thanks to health benefits and lower accident costs.<\/li>\n\n\n\n<li>A crucial step to \u201ccatch up with the West\u201d is to ensure that&nbsp;<strong>parking rules apply and that the police are able to enforce them.<\/strong><\/li>\n<\/ol>\n\n\n\n<h3 class=\"wp-block-heading\"><strong>Come help solve it!<\/strong><\/h3>\n\n\n\n<div class=\"wp-block-columns is-layout-flex wp-container-core-columns-is-layout-9c22b1e3 wp-block-columns-is-layout-flex\">\n<div class=\"wp-block-column is-layout-constrained wp-block-column-is-layout-constrained\" style=\"flex-basis:30%\">\n<div class=\"wp-block-envira-envira-gallery\"><div id=\"envira-gallery-wrap-809\" class=\"envira-gallery-wrap envira-gallery-theme-base envira-lightbox-theme-base\" itemscope itemtype=\"https:\/\/schema.org\/ImageGallery\"><div data-row-height=\"\" data-gallery-theme=\"\" id=\"envira-gallery-809\" class=\"envira-gallery-public  envira-gallery-1-columns envira-clear enviratope envira-gallery-css-animations\" data-envira-columns=\"1\"><div id=\"envira-gallery-item-804\" class=\"envira-gallery-item enviratope-item envira-gallery-item-1 envira-lazy-load\" style=\"padding-left: 10px; padding-bottom: 20px; padding-right: 10px;\"  itemscope itemtype=\"https:\/\/schema.org\/ImageObject\"><div class=\"envira-gallery-item-inner\"><div class=\"envira-gallery-position-overlay  envira-gallery-top-left\"><\/div><div class=\"envira-gallery-position-overlay  envira-gallery-top-right\"><\/div><div class=\"envira-gallery-position-overlay  envira-gallery-bottom-left\"><\/div><div class=\"envira-gallery-position-overlay  envira-gallery-bottom-right\"><\/div><a href=\"https:\/\/mladi-zeleni.cz\/wp-content\/uploads\/2025\/09\/148_1_1_Jak_nalepit_samolepku.png.ySyb8-qe7.png\" class=\"envira-gallery-809 envira-gallery-link\" rel=\"enviragallery809\" title=\"148_1_1_Jak_nalepit_samolepku.png.ySyb8&amp;amp;#8211;qe7\" data-envira-caption=\"148_1_1_Jak_nalepit_samolepku.png.ySyb8&amp;amp;#8211;qe7\" data-envira-retina=\"\" data-thumbnail=\"\"  itemprop=\"contentUrl\"><div class=\"envira-lazy\" data-test-width=\"640\" data-test-height=\"480\" style=\"padding-bottom:75%;\"><img decoding=\"async\" id=\"envira-gallery-image-804\" class=\"envira-gallery-image envira-gallery-image-1\" data-envira-index=\"1\" src=\"https:\/\/mladi-zeleni.cz\/wp-content\/uploads\/2025\/09\/148_1_1_Jak_nalepit_samolepku.png.ySyb8-qe7-724x1024.png\" data-envira-src=\"https:\/\/mladi-zeleni.cz\/wp-content\/uploads\/2025\/09\/148_1_1_Jak_nalepit_samolepku.png.ySyb8-qe7-724x1024.png\" data-envira-gallery-id=\"809\" data-envira-item-id=\"804\" data-envira-caption=\"148_1_1_Jak_nalepit_samolepku.png.ySyb8&amp;amp;#8211;qe7\" alt=\"\" title=\"148_1_1_Jak_nalepit_samolepku.png.ySyb8&amp;amp;amp;#8211;qe7\"  itemprop=\"thumbnailUrl\" data-envira-srcset=\"https:\/\/mladi-zeleni.cz\/wp-content\/uploads\/2025\/09\/148_1_1_Jak_nalepit_samolepku.png.ySyb8-qe7-724x1024.png 400w,https:\/\/mladi-zeleni.cz\/wp-content\/uploads\/2025\/09\/148_1_1_Jak_nalepit_samolepku.png.ySyb8-qe7-724x1024.png 2x\" srcset=\"data:image\/gif;base64,R0lGODlhAQABAIAAAP\/\/\/\/\/\/\/yH5BAEKAAEALAAAAAABAAEAAAICTAEAOw==\" \/><\/div><\/a><\/div><\/div><\/div><\/div><noscript><img decoding=\"async\" src=\"https:\/\/mladi-zeleni.cz\/wp-content\/uploads\/2025\/09\/148_1_1_Jak_nalepit_samolepku.png.ySyb8-qe7.png\" alt=\"\" \/><\/noscript><\/div>\n<\/div>\n\n\n\n<div class=\"wp-block-column is-layout-flow wp-block-column-is-layout-flow\" style=\"flex-basis:70%\">\n<p class=\"has-medium-font-size\">We want to move this problem. To draw attention to it directly on the streets and let the responsible authorities and drivers know that this situation is bad and unsustainable.\u00a0<strong>We walk past dangerously parked cars every day and there is nothing easier than to mark them with a sticker, take a photo and send it or publish it on social networks.<\/strong>\u00a0<strong>Anyone can get involved. Just contact us in DMs on social networks or via email and we will arrange to hand over the stickers.<\/strong>\u00a0With the campaign, we want to achieve that the problem will be talked about more and cities will start taking real steps to improve the situation with dangerous, illegal parking.\u00a0<\/p>\n\n\n\n<p class=\"has-palette-color-8-color has-palette-color-2-background-color has-text-color has-background has-link-color has-large-font-size wp-elements-cf40356133d84857eef6f8125c7f2962\"><strong>Do you want it too? Then come help us with it! Contact us at\u00a0<\/strong><a href=\"mailto:kontakt.mladizeleni@gmail.com\"><strong>kontakt.mladizeleni@gmail.com<\/strong><\/a><strong>\u00a0or on social networks, download the stickers and don't ignore this everyday problem from your surroundings.<\/strong><\/p>\n<\/div>\n<\/div>\n\n\n\n<div style=\"height:40px\" aria-hidden=\"true\" class=\"wp-block-spacer\"><\/div>","protected":false},"excerpt":{"rendered":"<p>Auta na chodn\u00edku nechceme INFOBOX Ve\u0159ejn\u00fd projekt, do kter\u00e9ho se m\u016f\u017eete zapojit Stav: Prob\u00edh\u00e1 Shrnut\u00ed: Kampa\u0148&nbsp;\u201cAuta na chodn\u00edku nechceme\u201d m\u00e1 za c\u00edl upozornit na nebezpe\u010d\u00ed neleg\u00e1ln\u00edho parkov\u00e1n\u00ed aut v k\u0159i\u017eovatk\u00e1ch, na p\u0159echodech, v p\u011b\u0161\u00edch z\u00f3n\u00e1ch, na chodn\u00edc\u00edch a dal\u0161\u00edch m\u00edstech.&nbsp;Chce\u0161, aby tenhle probl\u00e9m tvoje m\u011bsto v\u00edc \u0159e\u0161ilo? Pro\u010d a jak se zapojit najde\u0161 n\u00ed\u017e. Cena, [&hellip;]<\/p>\n","protected":false},"author":1,"featured_media":0,"parent":19,"menu_order":0,"comment_status":"closed","ping_status":"closed","template":"","meta":{"_themeisle_gutenberg_block_has_review":false,"footnotes":""},"class_list":["post-188","page","type-page","status-publish","hentry"],"blocksy_meta":[],"jetpack_sharing_enabled":true,"_links":{"self":[{"href":"https:\/\/mladi-zeleni.cz\/en\/wp-json\/wp\/v2\/pages\/188","targetHints":{"allow":["GET"]}}],"collection":[{"href":"https:\/\/mladi-zeleni.cz\/en\/wp-json\/wp\/v2\/pages"}],"about":[{"href":"https:\/\/mladi-zeleni.cz\/en\/wp-json\/wp\/v2\/types\/page"}],"author":[{"embeddable":true,"href":"https:\/\/mladi-zeleni.cz\/en\/wp-json\/wp\/v2\/users\/1"}],"replies":[{"embeddable":true,"href":"https:\/\/mladi-zeleni.cz\/en\/wp-json\/wp\/v2\/comments?post=188"}],"version-history":[{"count":20,"href":"https:\/\/mladi-zeleni.cz\/en\/wp-json\/wp\/v2\/pages\/188\/revisions"}],"predecessor-version":[{"id":821,"href":"https:\/\/mladi-zeleni.cz\/en\/wp-json\/wp\/v2\/pages\/188\/revisions\/821"}],"up":[{"embeddable":true,"href":"https:\/\/mladi-zeleni.cz\/en\/wp-json\/wp\/v2\/pages\/19"}],"wp:attachment":[{"href":"https:\/\/mladi-zeleni.cz\/en\/wp-json\/wp\/v2\/media?parent=188"}],"curies":[{"name":"wp","href":"https:\/\/api.w.org\/{rel}","templated":true}]}}