{"id":14,"date":"2025-09-04T15:57:25","date_gmt":"2025-09-04T15:57:25","guid":{"rendered":"http:\/\/localhost\/mladizeleniznovu\/?page_id=14"},"modified":"2025-11-01T14:05:07","modified_gmt":"2025-11-01T13:05:07","slug":"o-nas","status":"publish","type":"page","link":"https:\/\/mladi-zeleni.cz\/en\/o-nas\/","title":{"rendered":"About us"},"content":{"rendered":"<div class=\"wp-block-cover alignfull\" style=\"min-height:340px;aspect-ratio:unset;\"><img decoding=\"async\" width=\"2560\" height=\"1920\" class=\"wp-block-cover__image-background wp-image-627 size-full\" alt=\"\" src=\"https:\/\/mladi-zeleni.cz\/wp-content\/uploads\/2025\/09\/IMG_7287-scaled.jpg\" style=\"object-position:50% 58%\" data-object-fit=\"cover\" data-object-position=\"50% 58%\" srcset=\"https:\/\/mladi-zeleni.cz\/wp-content\/uploads\/2025\/09\/IMG_7287-scaled.jpg 2560w, https:\/\/mladi-zeleni.cz\/wp-content\/uploads\/2025\/09\/IMG_7287-300x225.jpg 300w, https:\/\/mladi-zeleni.cz\/wp-content\/uploads\/2025\/09\/IMG_7287-1024x768.jpg 1024w, https:\/\/mladi-zeleni.cz\/wp-content\/uploads\/2025\/09\/IMG_7287-768x576.jpg 768w, https:\/\/mladi-zeleni.cz\/wp-content\/uploads\/2025\/09\/IMG_7287-1536x1152.jpg 1536w, https:\/\/mladi-zeleni.cz\/wp-content\/uploads\/2025\/09\/IMG_7287-2048x1536.jpg 2048w\" sizes=\"(max-width: 2560px) 100vw, 2560px\" \/><span aria-hidden=\"true\" class=\"wp-block-cover__background has-black-background-color has-background-dim-40 has-background-dim\"><\/span><div class=\"wp-block-cover__inner-container is-layout-flow wp-block-cover-is-layout-flow\">\n<p class=\"has-text-align-center has-xx-large-font-size\">ABOUT US<\/p>\n<\/div><\/div>\n\n\n\n<h2 class=\"wp-block-heading has-text-align-center\" style=\"padding-bottom:var(--wp--preset--spacing--50);line-height:1.5\">We are an eco-socially focused youth association.<\/h2>\n\n\n\n<div class=\"wp-block-media-text has-media-on-the-right is-stacked-on-mobile is-image-fill-element ticss-9c2e62c2\" style=\"border-style:none;border-width:0px;margin-right:0;margin-left:0;grid-template-columns:auto 38%\"><div class=\"wp-block-media-text__content\">\n<p class=\"has-medium-font-size\">Anyone aged 15\u201330 can join the Young Greens (after joining, you can stay with us until you are 35). We bring together young people with the aim of activating a new generation in the Czech Republic that wants to do things differently and more effectively than the previous ones. We are a collective \u2013 we help each other and support everyone who needs our help, not just the young!<\/p>\n<\/div><figure class=\"wp-block-media-text__media\"><img decoding=\"async\" width=\"960\" height=\"915\" src=\"https:\/\/mladi-zeleni.cz\/wp-content\/uploads\/2025\/09\/IMG_6631-vyrovnano.jpg\" alt=\"\" class=\"wp-image-637 size-full\" style=\"object-position:50% 50%\" srcset=\"https:\/\/mladi-zeleni.cz\/wp-content\/uploads\/2025\/09\/IMG_6631-vyrovnano.jpg 960w, https:\/\/mladi-zeleni.cz\/wp-content\/uploads\/2025\/09\/IMG_6631-vyrovnano-300x286.jpg 300w, https:\/\/mladi-zeleni.cz\/wp-content\/uploads\/2025\/09\/IMG_6631-vyrovnano-768x732.jpg 768w\" sizes=\"(max-width: 960px) 100vw, 960px\" \/><\/figure><\/div>\n\n\n\n<div class=\"wp-block-media-text has-media-on-the-right is-stacked-on-mobile is-image-fill-element ticss-9c2e62c2\" style=\"border-style:none;border-width:0px;margin-right:0;margin-left:0;grid-template-columns:auto 38%\"><div class=\"wp-block-media-text__content\">\n<p class=\"has-medium-font-size\">We believe that the climate crisis is humanity's greatest challenge. We also believe that the right approach to solving it lies in fighting for working people and the economically disadvantaged, for example in the issue of affordable housing. We must not forget the rights of ethnic and sexual minorities.<\/p>\n\n\n\n<div class=\"wp-block-buttons is-content-justification-left is-layout-flex wp-container-core-buttons-is-layout-fc4fd283 wp-block-buttons-is-layout-flex\">\n<div class=\"wp-block-button\"><a class=\"wp-block-button__link has-medium-font-size has-custom-font-size wp-element-button\" href=\"https:\/\/mladi-zeleni.cz\/en\/nase-hodnoty\/\">Our values<\/a><\/div>\n<\/div>\n<\/div><figure class=\"wp-block-media-text__media\"><img decoding=\"async\" width=\"768\" height=\"1024\" src=\"https:\/\/mladi-zeleni.cz\/wp-content\/uploads\/2025\/09\/IMG_2442-ve-velke-velikosti-768x1024.jpeg\" alt=\"\" class=\"wp-image-652 size-full\" style=\"object-position:50% 50%\" srcset=\"https:\/\/mladi-zeleni.cz\/wp-content\/uploads\/2025\/09\/IMG_2442-ve-velke-velikosti-768x1024.jpeg 768w, https:\/\/mladi-zeleni.cz\/wp-content\/uploads\/2025\/09\/IMG_2442-ve-velke-velikosti-225x300.jpeg 225w, https:\/\/mladi-zeleni.cz\/wp-content\/uploads\/2025\/09\/IMG_2442-ve-velke-velikosti.jpeg 960w\" sizes=\"(max-width: 768px) 100vw, 768px\" \/><\/figure><\/div>\n\n\n\n<div class=\"wp-block-media-text has-media-on-the-right is-stacked-on-mobile is-image-fill-element ticss-9abeb8ba\" style=\"border-style:none;border-width:0px;margin-right:0;margin-left:0;grid-template-columns:auto 38%\"><div class=\"wp-block-media-text__content\">\n<p class=\"has-medium-font-size\">We organize events \u2013 from cultural events to discussions and debates \u2013 to inform the public about the issues that concern us and the goals that motivate us. Many of us are involved in other initiatives and organizations or in electoral politics.<\/p>\n\n\n\n<div class=\"wp-block-buttons is-content-justification-left is-layout-flex wp-container-core-buttons-is-layout-fc4fd283 wp-block-buttons-is-layout-flex\">\n<div class=\"wp-block-button\"><a class=\"wp-block-button__link has-medium-font-size has-custom-font-size wp-element-button\" href=\"https:\/\/mladi-zeleni.cz\/en\/projekty\/\">Our projects<\/a><\/div>\n<\/div>\n<\/div><figure class=\"wp-block-media-text__media\"><img decoding=\"async\" width=\"1024\" height=\"768\" src=\"https:\/\/mladi-zeleni.cz\/wp-content\/uploads\/2025\/09\/IMG_20250918_171048449-1024x768.jpeg\" alt=\"\" class=\"wp-image-648 size-full\" style=\"object-position:50% 100%\" srcset=\"https:\/\/mladi-zeleni.cz\/wp-content\/uploads\/2025\/09\/IMG_20250918_171048449-1024x768.jpeg 1024w, https:\/\/mladi-zeleni.cz\/wp-content\/uploads\/2025\/09\/IMG_20250918_171048449-300x225.jpeg 300w, https:\/\/mladi-zeleni.cz\/wp-content\/uploads\/2025\/09\/IMG_20250918_171048449-768x576.jpeg 768w, https:\/\/mladi-zeleni.cz\/wp-content\/uploads\/2025\/09\/IMG_20250918_171048449-1536x1152.jpeg 1536w, https:\/\/mladi-zeleni.cz\/wp-content\/uploads\/2025\/09\/IMG_20250918_171048449-2048x1536.jpeg 2048w\" sizes=\"(max-width: 1024px) 100vw, 1024px\" \/><\/figure><\/div>\n\n\n\n<div class=\"wp-block-media-text is-stacked-on-mobile\" style=\"border-style:none;border-width:0px;margin-right:0;margin-left:0;grid-template-columns:38% auto\"><figure class=\"wp-block-media-text__media\"><img decoding=\"async\" width=\"474\" height=\"290\" src=\"https:\/\/mladi-zeleni.cz\/wp-content\/uploads\/2025\/09\/AmpoLogoTrnsp-removebg-preview.png\" alt=\"\" class=\"wp-image-510 size-full\" srcset=\"https:\/\/mladi-zeleni.cz\/wp-content\/uploads\/2025\/09\/AmpoLogoTrnsp-removebg-preview.png 474w, https:\/\/mladi-zeleni.cz\/wp-content\/uploads\/2025\/09\/AmpoLogoTrnsp-removebg-preview-300x184.png 300w\" sizes=\"(max-width: 474px) 100vw, 474px\" \/><\/figure><div class=\"wp-block-media-text__content\">\n<p class=\"has-medium-font-size\">We try to build bridges between activism and politics, because change does not end only in the streets during protests, but even the House of Representatives and local councils cannot solve problems without an active civil society.<\/p>\n<\/div><\/div>\n\n\n\n<div class=\"wp-block-media-text is-stacked-on-mobile\" style=\"border-style:none;border-width:0px;margin-right:0;margin-left:0;grid-template-columns:38% auto\"><figure class=\"wp-block-media-text__media\"><img decoding=\"async\" width=\"1024\" height=\"722\" src=\"https:\/\/mladi-zeleni.cz\/wp-content\/uploads\/2025\/11\/FYEG_logo_2022-1024x722.png\" alt=\"\" class=\"wp-image-985 size-full\" srcset=\"https:\/\/mladi-zeleni.cz\/wp-content\/uploads\/2025\/11\/FYEG_logo_2022-1024x722.png 1024w, https:\/\/mladi-zeleni.cz\/wp-content\/uploads\/2025\/11\/FYEG_logo_2022-300x211.png 300w, https:\/\/mladi-zeleni.cz\/wp-content\/uploads\/2025\/11\/FYEG_logo_2022-768x541.png 768w, https:\/\/mladi-zeleni.cz\/wp-content\/uploads\/2025\/11\/FYEG_logo_2022-18x12.png 18w, https:\/\/mladi-zeleni.cz\/wp-content\/uploads\/2025\/11\/FYEG_logo_2022.png 1061w\" sizes=\"(max-width: 1024px) 100vw, 1024px\" \/><\/figure><div class=\"wp-block-media-text__content\">\n<p class=\"has-medium-font-size\">We are part of the Young European Greens organization. It is difficult to fight for a better world without help, which is why, together with other associations, we are engaged in activism on the level of the European Union. We must prevent the further widening of the gap between the poor and the rich.<\/p>\n<\/div><\/div>\n\n\n\n<div class=\"wp-block-media-text is-stacked-on-mobile is-image-fill-element ticss-6e5d2adc\" style=\"border-style:none;border-width:0px;margin-right:0;margin-left:0;grid-template-columns:38% auto\"><figure class=\"wp-block-media-text__media\"><img decoding=\"async\" width=\"1024\" height=\"576\" src=\"https:\/\/mladi-zeleni.cz\/wp-content\/uploads\/2025\/09\/80_2_1_PXL_20250422_161503529.MP_.jpg.r-LIkg6hYM_anonymized-edited-1024x576.jpg\" alt=\"\" class=\"wp-image-823 size-full\" style=\"object-position:49% 51%\" srcset=\"https:\/\/mladi-zeleni.cz\/wp-content\/uploads\/2025\/09\/80_2_1_PXL_20250422_161503529.MP_.jpg.r-LIkg6hYM_anonymized-edited-1024x576.jpg 1024w, https:\/\/mladi-zeleni.cz\/wp-content\/uploads\/2025\/09\/80_2_1_PXL_20250422_161503529.MP_.jpg.r-LIkg6hYM_anonymized-edited-300x169.jpg 300w, https:\/\/mladi-zeleni.cz\/wp-content\/uploads\/2025\/09\/80_2_1_PXL_20250422_161503529.MP_.jpg.r-LIkg6hYM_anonymized-edited-768x432.jpg 768w, https:\/\/mladi-zeleni.cz\/wp-content\/uploads\/2025\/09\/80_2_1_PXL_20250422_161503529.MP_.jpg.r-LIkg6hYM_anonymized-edited-1536x864.jpg 1536w, https:\/\/mladi-zeleni.cz\/wp-content\/uploads\/2025\/09\/80_2_1_PXL_20250422_161503529.MP_.jpg.r-LIkg6hYM_anonymized-edited-2048x1152.jpg 2048w\" sizes=\"(max-width: 1024px) 100vw, 1024px\" \/><\/figure><div class=\"wp-block-media-text__content\">\n<p class=\"has-medium-font-size\">We welcome you to join us, whether as observers at open meetings or as somebody interested in becoming a member. We are not a mere commitment, but rather a platform and a place designed to bring together those who are committed to changing the world around them for the better.<\/p>\n\n\n\n<div class=\"wp-block-buttons is-content-justification-center is-layout-flex wp-container-core-buttons-is-layout-a89b3969 wp-block-buttons-is-layout-flex\">\n<div class=\"wp-block-button\"><a class=\"wp-block-button__link has-medium-font-size has-custom-font-size wp-element-button\" href=\"https:\/\/mladi-zeleni.cz\/en\/clenstvi\/\">Join us!<\/a><\/div>\n\n\n\n<div class=\"wp-block-button\"><a class=\"wp-block-button__link has-medium-font-size has-custom-font-size wp-element-button\" href=\"https:\/\/mladi-zeleni.cz\/en\/darcovstvi\/\">Support us!<\/a><\/div>\n<\/div>\n<\/div><\/div>\n\n\n\n<div style=\"height:30px\" aria-hidden=\"true\" class=\"wp-block-spacer\"><\/div>","protected":false},"excerpt":{"rendered":"<p>Jsme ml\u00e1de\u017enick\u00fd eko-soci\u00e1ln\u011b zam\u011b\u0159en\u00fd spolek. Do Mlad\u00fdch zelen\u00fdch m\u016f\u017ee vstoupit kdokoliv ve v\u011bku 15\u201330 let (po vstupu s n\u00e1mi m\u016f\u017ee\u0161 z\u016fstat a\u017e do 35 let). Sdru\u017eujeme mlad\u00e9 lidi s c\u00edlem aktivizovat novou generaci, kter\u00e1 chce v \u010cesku d\u011blat v\u011bci jinak a efektivn\u011bji ne\u017e ty p\u0159ede\u0161l\u00e9. Jsme kolektiv \u2013 vz\u00e1jemn\u011b si pom\u00e1h\u00e1me a podporujeme v\u0161echny, kte\u0159\u00ed [&hellip;]<\/p>\n","protected":false},"author":1,"featured_media":0,"parent":0,"menu_order":0,"comment_status":"closed","ping_status":"closed","template":"","meta":{"_themeisle_gutenberg_block_has_review":false,"footnotes":""},"class_list":["post-14","page","type-page","status-publish","hentry"],"blocksy_meta":[],"jetpack_sharing_enabled":true,"_links":{"self":[{"href":"https:\/\/mladi-zeleni.cz\/en\/wp-json\/wp\/v2\/pages\/14","targetHints":{"allow":["GET"]}}],"collection":[{"href":"https:\/\/mladi-zeleni.cz\/en\/wp-json\/wp\/v2\/pages"}],"about":[{"href":"https:\/\/mladi-zeleni.cz\/en\/wp-json\/wp\/v2\/types\/page"}],"author":[{"embeddable":true,"href":"https:\/\/mladi-zeleni.cz\/en\/wp-json\/wp\/v2\/users\/1"}],"replies":[{"embeddable":true,"href":"https:\/\/mladi-zeleni.cz\/en\/wp-json\/wp\/v2\/comments?post=14"}],"version-history":[{"count":33,"href":"https:\/\/mladi-zeleni.cz\/en\/wp-json\/wp\/v2\/pages\/14\/revisions"}],"predecessor-version":[{"id":992,"href":"https:\/\/mladi-zeleni.cz\/en\/wp-json\/wp\/v2\/pages\/14\/revisions\/992"}],"wp:attachment":[{"href":"https:\/\/mladi-zeleni.cz\/en\/wp-json\/wp\/v2\/media?parent=14"}],"curies":[{"name":"wp","href":"https:\/\/api.w.org\/{rel}","templated":true}]}}