{"id":1122,"date":"2026-04-20T21:57:35","date_gmt":"2026-04-20T19:57:35","guid":{"rendered":"https:\/\/mladi-zeleni.cz\/?page_id=1122"},"modified":"2026-04-25T13:36:25","modified_gmt":"2026-04-25T11:36:25","slug":"green-resistance-pop-iii-2026","status":"publish","type":"page","link":"https:\/\/mladi-zeleni.cz\/en\/projekty\/green-resistance-pop-iii-2026\/","title":{"rendered":"Green Resistance Pop III \u2013 2026"},"content":{"rendered":"<h2 class=\"wp-block-heading alignfull has-text-align-center has-palette-color-8-color has-text-color has-background has-link-color wp-elements-07366b4babb9d9bf11036f4fd746a60e\" style=\"background:linear-gradient(180deg,rgb(21,164,97) 0%,rgb(60,186,146) 100%);margin-top:0;margin-bottom:0\">Green Resistance Pop III \u2013 2026<\/h2>\n\n\n\n<div style=\"height:30px\" aria-hidden=\"true\" class=\"wp-block-spacer\"><\/div>\n\n\n\n<div class=\"wp-block-columns is-layout-flex wp-container-core-columns-is-layout-28f84493 wp-block-columns-is-layout-flex\">\n<div class=\"wp-block-column has-palette-color-2-background-color has-background is-layout-flow wp-container-core-column-is-layout-dd3b79fc wp-block-column-is-layout-flow\" style=\"border-style:none;border-width:0px;border-radius:14px;padding-top:var(--wp--preset--spacing--30);padding-right:var(--wp--preset--spacing--40);padding-bottom:var(--wp--preset--spacing--40);padding-left:var(--wp--preset--spacing--40);flex-basis:50%\">\n<h2 class=\"wp-block-heading has-text-align-center has-palette-color-8-color has-text-color has-link-color wp-elements-38a4d5fb5eaea05f6c9db70eb277c7cc\" style=\"margin-top:0;margin-bottom:0;padding-top:0;padding-bottom:0\">Infobox akce<\/h2>\n\n\n\n<p class=\"has-text-align-center has-palette-color-8-color has-text-color has-link-color has-medium-font-size wp-elements-e99dd2f45fca6120a500d68ef29f6a7a\" style=\"padding-top:0;padding-left:0\"><strong>Ve\u0159ejn\u00e9 p\u0159edn\u00e1\u0161ky, debaty a koncert<\/strong><\/p>\n\n\n\n<hr class=\"wp-block-separator has-text-color has-white-color has-alpha-channel-opacity has-white-background-color has-background is-style-dots\" style=\"margin-top:var(--wp--preset--spacing--20);margin-bottom:var(--wp--preset--spacing--20)\"\/>\n\n\n\n<h5 class=\"wp-block-heading has-palette-color-8-color has-text-color has-link-color wp-elements-81b683b43e30e810ce415c5216775df4\">Datum a m\u00edsto kon\u00e1n\u00ed:<\/h5>\n\n\n\n<p class=\"has-palette-color-8-color has-text-color has-link-color wp-elements-269cda6c70eb0ab32944241061b776b9\" style=\"font-size:clamp(15.197px, 0.95rem + ((1vw - 3.2px) * 0.61), 23px);\">\ud83d\uddd3\ufe0f <strong>1. 5. 2026 od 10:00 \u2013\ud83d\udccd Olomouc<\/strong><\/p>\n\n\n\n<p class=\"has-palette-color-8-color has-text-color has-link-color wp-elements-107f49a4240e69a852f89c6b8084c684\"><strong>VOLN\u00dd VSTUP<\/strong> \ud83c\udf9f\ufe0f<\/p>\n\n\n\n<hr class=\"wp-block-separator has-text-color has-white-color has-alpha-channel-opacity has-white-background-color has-background is-style-dots\" style=\"margin-top:var(--wp--preset--spacing--20);margin-bottom:var(--wp--preset--spacing--20)\"\/>\n\n\n\n<p class=\"has-palette-color-8-color has-text-color has-link-color has-medium-font-size wp-elements-db613b9414febf10d6265d797458f6cc\"><strong>Hlavn\u00ed program:<\/strong> <br><em>Skautsk\u00fd institut (<a href=\"https:\/\/maps.app.goo.gl\/ZRmZ4Q4tFLDsdHYN7\" data-type=\"link\" data-id=\"https:\/\/maps.app.goo.gl\/ZRmZ4Q4tFLDsdHYN7\">Doln\u00ed n\u00e1m\u011bst\u00ed 109\/29<\/a>), El Antro (<a href=\"https:\/\/maps.app.goo.gl\/53e6nEumbGKyctRY8\" data-type=\"link\" data-id=\"https:\/\/maps.app.goo.gl\/53e6nEumbGKyctRY8\">Uheln\u00e1 9\/13<\/a>)<\/em><\/p>\n\n\n\n<div class=\"wp-block-buttons is-layout-flex wp-block-buttons-is-layout-flex\" style=\"margin-top:var(--wp--preset--spacing--30);margin-bottom:var(--wp--preset--spacing--30)\">\n<div class=\"wp-block-button is-style-fill\"><a class=\"wp-block-button__link has-palette-color-8-color has-text-color has-background has-link-color wp-element-button\" href=\"https:\/\/www.facebook.com\/events\/1664093591568010\/?_rdr\" style=\"background-color:#0754e3\" target=\"_blank\" rel=\"noreferrer noopener\">Facebook ud\u00e1lost \u2013 Hlavn\u00ed program<\/a><\/div>\n<\/div>\n\n\n\n<p class=\"has-palette-color-8-color has-text-color has-link-color has-medium-font-size wp-elements-05d05aa6907c80d71e59c33092a70227\"><strong>After party: <\/strong><br><em>Pivnice Kate\u0159insk\u00e1 10<\/em> (<em><a href=\"https:\/\/maps.app.goo.gl\/LyG7uUT1W6tui7Ts6\" data-type=\"link\" data-id=\"https:\/\/maps.app.goo.gl\/LyG7uUT1W6tui7Ts6\">mapa<\/a>)<\/em><\/p>\n\n\n\n<div class=\"wp-block-buttons is-layout-flex wp-container-core-buttons-is-layout-d36d278b wp-block-buttons-is-layout-flex\" style=\"margin-top:var(--wp--preset--spacing--30);margin-bottom:var(--wp--preset--spacing--30)\">\n<div class=\"wp-block-button\"><a class=\"wp-block-button__link has-palette-color-8-color has-text-color has-background has-link-color wp-element-button\" href=\"https:\/\/www.facebook.com\/events\/729539580249431\/?http_ref=eyJ0cyI6MTc3NjcxMzQzMTAwMCwiciI6IiJ9\" style=\"background-color:#0754e3\" target=\"_blank\" rel=\"noreferrer noopener\">Facebook ud\u00e1lost \u2013 After p\u00e1rty<\/a><\/div>\n<\/div>\n<\/div>\n\n\n\n<div class=\"wp-block-column is-layout-flow wp-block-column-is-layout-flow\" style=\"flex-basis:50%\">\n<h2 class=\"wp-block-heading has-text-align-center\"><strong>Festival GRP<\/strong><\/h2>\n\n\n\n<p class=\"has-medium-font-size\">P\u0159ij\u010f i Ty na leto\u0161n\u00ed festival <strong>Green Resistance Pop III<\/strong> op\u011bt b\u011bhem <em>sv\u00e1tku pr\u00e1ce 1.5.<\/em> a to v Olomouci ve Skau\u0165\u00e1ku a v El Antro! Vstup je pro v\u0161echny <strong>zdarma<\/strong>.<\/p>\n\n\n\n<p class=\"has-medium-font-size\">Aby bylo mo\u017en\u00e9 se spojovat a spole\u010dn\u011b bojovat proti <strong>oligarchii<\/strong>, pot\u0159ebujeme k tomu prostor. Green Resistance Pop bude jedn\u00edm z takov\u00fdch <strong>prostor\u016f<\/strong>. M\u00edstem pro diskuzi, pro aktivizaci a pro propojov\u00e1n\u00ed se. <em>Den bude pln\u00fd debat, prom\u00edt\u00e1n\u00ed, workshop\u016f, ale taky hudby a spole\u010dn\u00e9ho vesel\u00ed! <\/em><\/p>\n\n\n\n<p class=\"has-medium-font-size\">Na na\u0161em <em>Instagramu<\/em> nebo n\u00ed\u017ee si m\u016f\u017ee\u0161 p\u0159e\u010d\u00edst <strong>program a medailonky p\u0159edn\u00e1\u0161ek:<\/strong><\/p>\n<\/div>\n<\/div>\n\n\n\n<h1 class=\"wp-block-heading alignfull has-palette-color-8-color has-grown-early-gradient-background has-text-color has-background has-link-color wp-elements-8233e614ad3d7781fb4805dbfe7ac973\" id=\"we-re-a-studio-in-berlin-with-an-international-practice-in-architecture-urban-planning-and-interior-design-we-believe-in-sharing-knowledge-and-promoting-dialogue-to-increase-the-creative-potential-of-collaboration\" style=\"margin-top:0;margin-bottom:var(--wp--preset--spacing--60);padding-top:var(--wp--preset--spacing--50);padding-bottom:var(--wp--preset--spacing--50)\"><strong>Program<\/strong><\/h1>\n\n\n\n<div class=\"wp-block-columns is-layout-flex wp-container-core-columns-is-layout-28f84493 wp-block-columns-is-layout-flex\">\n<div class=\"wp-block-column is-layout-flow wp-block-column-is-layout-flow\" style=\"flex-basis:100%\">\n<div class=\"wp-block-group has-palette-color-4-color has-text-color has-link-color wp-elements-e4cc43e99817b4316006502817ea33c4 is-vertical is-content-justification-left is-layout-flex wp-container-core-group-is-layout-2746227d wp-block-group-is-layout-flex\" style=\"padding-top:0;padding-right:0\">\n<p class=\"has-palette-color-4-color has-text-color has-link-color wp-elements-1a7e075d273a830f6768df1b1f5fb73f\" style=\"font-size:clamp(16.293px, 1.018rem + ((1vw - 3.2px) * 0.68), 25px);\"><strong>10:00-11:30<\/strong><\/p>\n\n\n\n<p class=\"has-palette-color-4-color has-text-color has-link-color has-medium-font-size wp-elements-54488bbdda0bc013577a765135cec601\"><strong>Institut<\/strong> \u2013 Spole\u010dn\u011b proti oligarchii (debata)<\/p>\n\n\n\n<p class=\"has-palette-color-4-color has-text-color has-link-color has-medium-font-size wp-elements-e4dfdba4d5ff69563b65a240b0a3c7df\"><strong>El Antro<\/strong> \u2013 Od pyramidy po gilotinu, historie bohatstv\u00ed (p\u0159edn\u00e1\u0161ka)<\/p>\n<\/div>\n\n\n\n<div class=\"wp-block-group has-palette-color-4-color has-text-color has-link-color wp-elements-2d4f53050a14e05485a721e71e3f5643 is-vertical is-content-justification-left is-layout-flex wp-container-core-group-is-layout-2746227d wp-block-group-is-layout-flex\" style=\"padding-top:0;padding-right:0\">\n<p class=\"has-palette-color-4-color has-text-color has-link-color wp-elements-dd152542ba6648ed99a55bcd39899ce2\" style=\"font-size:clamp(16.293px, 1.018rem + ((1vw - 3.2px) * 0.68), 25px);\"><strong>12:00-13:30<\/strong><\/p>\n\n\n\n<p class=\"has-palette-color-4-color has-text-color has-link-color has-medium-font-size wp-elements-019a65f10a34aeff647cc157b399a164\"><strong>Institut<\/strong> \u2013 Na den uhlobaronem (p\u0159edn\u00e1\u0161ka)<\/p>\n\n\n\n<p class=\"has-palette-color-4-color has-text-color has-link-color has-medium-font-size wp-elements-d5c68b9b03a7945f7fd846c1363eb00b\"><strong>El Antro<\/strong> \u2013 Artivismus vs oligarchie (workshop)<\/p>\n<\/div>\n\n\n\n<div class=\"wp-block-group is-layout-constrained wp-block-group-is-layout-constrained\">\n<div class=\"wp-block-group has-palette-color-4-color has-text-color has-link-color wp-elements-e0646cb5d81e383557948d98fc96cf25 is-vertical is-content-justification-left is-layout-flex wp-container-core-group-is-layout-2746227d wp-block-group-is-layout-flex\" style=\"padding-top:0;padding-right:0\">\n<p class=\"has-palette-color-4-color has-text-color has-link-color wp-elements-ecec29f1fff615ca6a5854ccceb09572\" style=\"font-size:clamp(16.293px, 1.018rem + ((1vw - 3.2px) * 0.68), 25px);\"><strong>14:00-15:30<\/strong><\/p>\n\n\n\n<p class=\"has-palette-color-4-color has-text-color has-link-color has-medium-font-size wp-elements-55c61ee328d2628628817dba81169e03\"><strong>Institut<\/strong> \u2013 Feminismus a oligarchie. Pat\u0159\u00ed k sob\u011b? (debata)<\/p>\n\n\n\n<p class=\"has-palette-color-4-color has-text-color has-link-color has-medium-font-size wp-elements-857f22848a01f77d700e1e335c146a0c\"><strong>El Antro<\/strong> \u2013 HOLUBI (debata)<\/p>\n<\/div>\n\n\n\n<div class=\"wp-block-group has-palette-color-4-color has-text-color has-link-color wp-elements-1a8cc776d3df58905e143d38e6655d8a is-vertical is-content-justification-left is-layout-flex wp-container-core-group-is-layout-2746227d wp-block-group-is-layout-flex\" style=\"padding-top:0;padding-right:0\">\n<p class=\"has-palette-color-4-color has-text-color has-link-color wp-elements-5795aae8633a4ec33613accd49ce6f80\" style=\"font-size:clamp(16.293px, 1.018rem + ((1vw - 3.2px) * 0.68), 25px);\"><strong>16:00-18:00<\/strong><\/p>\n\n\n\n<p class=\"has-palette-color-4-color has-text-color has-link-color has-medium-font-size wp-elements-413d0ff9c1f4f9c69b527c4981b9f77e\"><strong>Institut<\/strong> \u2013 Hranice pr\u00e1ce (prom\u00edt\u00e1n\u00ed filmu)<\/p>\n\n\n\n<p class=\"has-palette-color-4-color has-text-color has-link-color has-medium-font-size wp-elements-e1123f507bf8e948448e7f18dfae62a1\"><strong>El Antro<\/strong> \u2013 Ideologick\u00e9 perspektivy klimatick\u00e9 krize (p\u0159edn\u00e1\u0161ka)<\/p>\n<\/div>\n\n\n\n<div class=\"wp-block-group has-palette-color-4-color has-text-color has-link-color wp-elements-00863b0959e180a3748ebea76f756e53 is-vertical is-content-justification-left is-layout-flex wp-container-core-group-is-layout-2746227d wp-block-group-is-layout-flex\" style=\"padding-top:0;padding-right:0\">\n<p style=\"font-size:clamp(16.293px, 1.018rem + ((1vw - 3.2px) * 0.68), 25px);\"><strong>18:30 a d\u00e1le<\/strong><\/p>\n\n\n\n<p class=\"has-medium-font-size\"><strong>Kate\u0159insk\u00e1 10<\/strong> \u2013 After p\u00e1rty \u2013 Hudebn\u00ed program<\/p>\n\n\n\n<ul style=\"margin-top:var(--wp--preset--spacing--30);font-size:clamp(14px, 0.875rem + ((1vw - 3.2px) * 0.469), 20px);\" class=\"wp-block-list wp-container-content-9cfa9a5a\">\n<li>18:30 Open doors<\/li>\n\n\n\n<li>19:00-19:40  Drag show &#8211; Rudy Daddy, Vibe Villain a The Thing<\/li>\n\n\n\n<li>20:00-21:00 Martin \u010cmel\u00edk<\/li>\n\n\n\n<li>21:00-22:00 Eda a Elulu<\/li>\n\n\n\n<li>22:30-01:00 Marzipan<\/li>\n<\/ul>\n<\/div>\n<\/div>\n<\/div>\n\n\n\n<div class=\"wp-block-column is-vertically-aligned-center is-layout-flow wp-block-column-is-layout-flow\" style=\"flex-basis:100%\">\n<figure class=\"wp-block-gallery aligncenter has-nested-images columns-1 is-cropped wp-block-gallery-1 is-layout-flex wp-block-gallery-is-layout-flex\" style=\"border-style:none;border-width:0px;border-top-left-radius:0px;border-top-right-radius:0px;border-bottom-left-radius:0px;border-bottom-right-radius:0px\">\n<figure class=\"wp-block-image aligncenter size-large\"><img decoding=\"async\" width=\"768\" height=\"1024\" data-id=\"652\" src=\"https:\/\/mladi-zeleni.cz\/wp-content\/uploads\/2025\/09\/IMG_2442-ve-velke-velikosti-768x1024.jpeg\" alt=\"\" class=\"wp-image-652\" style=\"aspect-ratio:16\/9\" srcset=\"https:\/\/mladi-zeleni.cz\/wp-content\/uploads\/2025\/09\/IMG_2442-ve-velke-velikosti-768x1024.jpeg 768w, https:\/\/mladi-zeleni.cz\/wp-content\/uploads\/2025\/09\/IMG_2442-ve-velke-velikosti-225x300.jpeg 225w, https:\/\/mladi-zeleni.cz\/wp-content\/uploads\/2025\/09\/IMG_2442-ve-velke-velikosti.jpeg 960w\" sizes=\"(max-width: 768px) 100vw, 768px\" \/><\/figure>\n\n\n\n<figure class=\"wp-block-image size-large\"><img decoding=\"async\" width=\"768\" height=\"1024\" data-id=\"1138\" src=\"https:\/\/mladi-zeleni.cz\/wp-content\/uploads\/2026\/04\/IMG_2467-768x1024.jpeg\" alt=\"\" class=\"wp-image-1138\" style=\"aspect-ratio:16\/9\" srcset=\"https:\/\/mladi-zeleni.cz\/wp-content\/uploads\/2026\/04\/IMG_2467-768x1024.jpeg 768w, https:\/\/mladi-zeleni.cz\/wp-content\/uploads\/2026\/04\/IMG_2467-225x300.jpeg 225w, https:\/\/mladi-zeleni.cz\/wp-content\/uploads\/2026\/04\/IMG_2467-1152x1536.jpeg 1152w, https:\/\/mladi-zeleni.cz\/wp-content\/uploads\/2026\/04\/IMG_2467-1536x2048.jpeg 1536w, https:\/\/mladi-zeleni.cz\/wp-content\/uploads\/2026\/04\/IMG_2467-9x12.jpeg 9w, https:\/\/mladi-zeleni.cz\/wp-content\/uploads\/2026\/04\/IMG_2467.jpeg 1920w\" sizes=\"(max-width: 768px) 100vw, 768px\" \/><\/figure>\n<\/figure>\n<\/div>\n<\/div>\n\n\n\n<h2 class=\"wp-block-heading alignfull has-text-align-left has-palette-color-8-color has-grown-early-gradient-background has-text-color has-background has-link-color wp-elements-b8a12e07195cc6033d1d472f13e40f51\" style=\"margin-top:0;margin-bottom:0;padding-top:var(--wp--preset--spacing--50);padding-bottom:var(--wp--preset--spacing--50)\">Medailonky p\u0159edn\u00e1\u0161ek<\/h2>\n\n\n\n<div class=\"wp-block-group is-layout-constrained wp-block-group-is-layout-constrained\">\n<h5 class=\"wp-block-heading has-text-align-center has-soft-grass-gradient-background has-background\" style=\"border-style:none;border-width:0px;margin-top:var(--wp--preset--spacing--50);margin-right:0;padding-top:var(--wp--preset--spacing--30);padding-right:0;padding-bottom:var(--wp--preset--spacing--30);padding-left:0\">10:00 \u2013 11:30<\/h5>\n\n\n\n<h2 class=\"wp-block-heading\" style=\"margin-top:0;padding-top:0;padding-bottom:0\"><strong>Spole\u010dn\u011b proti oligarchii (debata)<\/strong><\/h2>\n\n\n\n<p class=\"has-medium-font-size\">\ud83d\udccd<strong>Skautsk\u00fd institut <\/strong><\/p>\n\n\n\n<p class=\"has-medium-font-size\">Kde se vzalo oligarchstvo? Je oligarchie vid\u011bt? Zvyklx jsme si na to, \u017ee n\u00e1\u0161 ka\u017edodenn\u00ed \u017eivot je oligarchi\u00ed ovl\u00e1d\u00e1n? D\u00edv\u00e1me se na zpr\u00e1vy, kupujeme si chleba, \u010dteme noviny, jdeme kolem \u00da\u0159adu vl\u00e1dy\u2026 tam v\u0161ude je oligarchie p\u0159\u00edtomna. Oligarchie je symptomem kapitalismu a posiluje v\u0161e co d\u011bl\u00e1 \u017eivot na t\u00e9hle planet\u011b v\u011bt\u0161\u00edm peklem od podkop\u00e1v\u00e1n\u00ed klimatick\u00fdch opat\u0159en\u00ed po podporu fa\u0161ismu. A jestli se na n\u011b\u010dem levice shodne, a \u017ee toho nen\u00ed mnoho, tak na tom, \u017ee oligarchie fakt nen\u00ed ok. Proto se budeme bavit o tom jak se za\u010d\u00edt propojovat a spole\u010dn\u011b bojovat proti oligarchii.<\/p>\n\n\n\n<h2 class=\"wp-block-heading\"><strong>Od pyramid po gilotiny, mal\u00fd exkurz d\u011bjinami elit (p\u0159edn\u00e1\u0161ka)<\/strong><\/h2>\n\n\n\n<p class=\"has-medium-font-size\">\ud83d\udccd<strong>El Antro <\/strong>\u2013 <strong>Daniel Costa Ja\u0159ab<\/strong><\/p>\n\n\n\n<p class=\"has-medium-font-size\">Kdy za\u010d\u00ednaj\u00ed d\u011bjiny nerovnosti? Kolik bohatstv\u00ed u\u017e je p\u0159\u00edli\u0161? Co jde d\u011blat s nar\u016fstaj\u00edc\u00ed nerovnost\u00ed? Jsme pro meritokracii nebo proti n\u00ed? Je u\u017e \u010das na gilotiny?<\/p>\n\n\n\n<h5 class=\"wp-block-heading has-text-align-center has-soft-grass-gradient-background has-background\" style=\"border-style:none;border-width:0px;margin-top:var(--wp--preset--spacing--50);margin-right:0;padding-top:var(--wp--preset--spacing--30);padding-right:0;padding-bottom:var(--wp--preset--spacing--30);padding-left:0\">12:00 \u2013 13:30<\/h5>\n\n\n\n<h2 class=\"wp-block-heading\" style=\"margin-top:0\"><strong>Na jeden den uhlobaronem (p\u0159edn\u00e1\u0161ka)<\/strong><\/h2>\n\n\n\n<p class=\"has-medium-font-size\">\ud83d\udccd<strong>Skautsk\u00fd institut <\/strong>\u2013 <strong>Kl\u00e1ra B\u011bl\u00ed\u010dkov\u00e1<\/strong><\/p>\n\n\n\n<p class=\"has-medium-font-size\">Co byste d\u011blalx, kdybyste se ocitlx v k\u016f\u017ei druh\u00e9ho nejbohat\u0161\u00edho \u010cecha? Kter\u00e9 uheln\u00e9 elektr\u00e1rny a doly byste nakoupilx? Do jak\u00fdch dal\u0161\u00edch fosiln\u00edch paliv investovalx? Jak byste si vy\u010distilx sv\u016fj ve\u0159ejn\u00fd obraz, a se kter\u00fdmi politiky byste se sp\u0159\u00e1telilx? Daniel K\u0159et\u00ednsk\u00fd je jako Andrej Babi\u0161, jen m\u00edsto ku\u0159at obchoduje s rusk\u00fdm plynem. Jeho Energetick\u00fd a pr\u016fmyslov\u00fd holding (EPH, dnes EP Group) je nejv\u011bt\u0161\u00ed tuzemskou firmou a jednou z nejv\u011bt\u0161\u00edch fosiln\u00edch spole\u010dnost\u00ed v cel\u00e9 Evrop\u011b. Jen v uhl\u00ed m\u00e1 v\u011bt\u0161\u00ed emise ne\u017e cel\u00e9 Finsko a velk\u00e9 m\u00e1 i pl\u00e1ny na rozvoj plynov\u00e9 infrastruktury. Vydejte se s n\u00e1mi na prohl\u00eddku po imp\u00e9riu Daniela K\u0159et\u00ednsk\u00e9ho, dozv\u00edte se nejen jak obchod s fosiln\u00edmi palivy ohro\u017euje klima, demokracii a d\u011bl\u00e1 z energie nedostupnou komoditu, ale tak\u00e9 co se s t\u00edm d\u00e1 d\u011blat.<\/p>\n\n\n\n<h2 class=\"wp-block-heading\"><strong>Artivismus vs oligarchie (workshop)<\/strong><\/h2>\n\n\n\n<p class=\"has-medium-font-size\">\ud83d\udccd<strong>El Antro<\/strong><\/p>\n\n\n\n<p class=\"has-medium-font-size\">Oligarchie m\u016f\u017ee p\u016fsobit docela abstraktn\u011b. Miliarda sem, miliarda tam. Ka\u017edej n\u011bco vlastn\u00ed. Ale zkusilx jste si to n\u011bkdy vizualizovat. Sta\u010d\u00ed si poskl\u00e1dat krabi\u010dky od \u010daje a hned uvid\u00edte, jak m\u00e1lo krabi\u010dek n\u00e1m ve spole\u010dnosti zbyde. Poj\u010fte si s n\u00e1mi hr\u00e1t a prozkoum\u00e1vat skrz artivismus t\u00e9ma oligarchie abychom mu spole\u010dn\u011b l\u00e9pe porozum\u011blx a pochopilx jak moc n\u00e1m ze \u017eivota bere.<\/p>\n\n\n\n<h5 class=\"wp-block-heading has-text-align-center has-soft-grass-gradient-background has-background\" style=\"border-style:none;border-width:0px;margin-top:var(--wp--preset--spacing--50);margin-right:0;padding-top:var(--wp--preset--spacing--30);padding-right:0;padding-bottom:var(--wp--preset--spacing--30);padding-left:0\">14:00 \u2013 15:30<\/h5>\n\n\n\n<h2 class=\"wp-block-heading\" style=\"margin-top:0\"><strong>Feminismus a oligarchie. Pat\u0159\u00ed k sob\u011b? (p\u0159edn\u00e1\u0161ka)<\/strong><\/h2>\n\n\n\n<p class=\"has-medium-font-size\"><strong>\ud83d\udccd<strong>Skautsk\u00fd institut <\/strong><\/strong> \u2013 <strong>Veronika Kl\u00edmov\u00e1 dvorsk\u00e1, Mira Schejbalov\u00e1, Karol\u00edna Blun\u00e1rov\u00e1<\/strong><\/p>\n\n\n\n<p class=\"has-medium-font-size\">Prezentuj\u00ed se jako feministick\u00e9 ikony, vlastn\u00edc\u00ed business, charitativn\u00ed nadace s rodinou po boku.<br>Jsou to holky \u0161\u00e9fky, co zvl\u00e1dnou v\u0161echno s \u00fasm\u011bvem na tv\u00e1\u0159i. A pokud to zvl\u00e1daj\u00ed ony, zvl\u00e1dnou to p\u0159ece i ostatn\u00ed \u017eeny. Nebo ne? \u017deny jako je Ivana Tyka\u010d nebo Renata Kellnerov\u00e1 u\u017e dlouho nejsou pouh\u00fdmi pasivn\u00edmi man\u017eelkami oligarch\u016f. Ukazuj\u00ed, \u017ee se role \u017een v t\u011bchto struktur\u00e1ch zm\u011bnila, a na\u0161e pozornost by se m\u011bla mimo jejich vlivn\u00e9 man\u017eely up\u00edrat i na n\u011b. Feminismus toti\u017e nen\u00ed pro nejbohat\u0161\u00ed 1 %.<\/p>\n\n\n\n<h2 class=\"wp-block-heading\"><strong>HOLUBI (debata)<\/strong><\/h2>\n\n\n\n<p class=\"has-medium-font-size\">\ud83d\udccd<strong>El Antro<\/strong><\/p>\n\n\n\n<p class=\"has-medium-font-size\">Holub na okn\u011b, za oknem. Holub pod st\u0159echou, na st\u0159e\u0161e. Holub vedle m\u011b, nade mnou. Tyto ok\u0159\u00eddlen\u00e9 spole\u010dn\u00edky vid\u00edme na ka\u017ed\u00e9m rohu, kroku a stejn\u011b jsou neviditeln\u00ed. Holuby, z r\u016fzn\u00fdch perspektiv, zachyt\u00edme a po\u0161leme jim trochu l\u00e1sky v na\u0161\u00ed debat\u011b.<\/p>\n\n\n\n<h5 class=\"wp-block-heading has-text-align-center has-soft-grass-gradient-background has-background\" style=\"border-style:none;border-width:0px;margin-top:var(--wp--preset--spacing--50);margin-right:0;padding-top:var(--wp--preset--spacing--30);padding-right:0;padding-bottom:var(--wp--preset--spacing--30);padding-left:0\">16:00 \u2013 18:00<\/h5>\n\n\n\n<h2 class=\"wp-block-heading\" style=\"margin-top:0\"><strong>Hranice pr\u00e1ce (film)<\/strong><\/h2>\n\n\n\n<p class=\"has-medium-font-size\">\ud83d\udccd<strong>Skautsk\u00fd institut <\/strong><\/p>\n\n\n\n<p class=\"has-medium-font-size\">Pracovn\u00ed podm\u00ednky v nejh\u016f\u0159e placen\u00fdch zam\u011bstn\u00e1n\u00edch v \u010cech\u00e1ch b\u011bhem p\u016fl roku zkoumala publicistka Sa\u0161a Uhlov\u00e1. Str\u00e1vila n\u011bkolik t\u00fddn\u016f v nemocni\u010dn\u00ed pr\u00e1deln\u011b, v dr\u016fbe\u017e\u00e1rn\u011b, za pokladnou nebo v t\u0159\u00edd\u00edrn\u011b odpadu. Jej\u00ed zku\u0161enost se stala podkladem pro\u017eit\u00e9 a velmi osobn\u00ed zpr\u00e1vy o neviditeln\u00fdch zam\u011bstnanc\u00edch pracuj\u00edc\u00edch v ot\u0159esn\u00fdch podm\u00ednk\u00e1ch. Uhlov\u00e1 ke sv\u00e9mu projektu napsala s\u00e9rii report\u00e1\u017e\u00ed, kter\u00e9 vy\u0161ly na webu Alarm. Apolena Rychl\u00edkov\u00e1 je upravila do dokument\u00e1rn\u00edho filmu slo\u017een\u00e9ho ze sc\u00e9n nato\u010den\u00fdch u Uhlov\u00e9 doma a z videoz\u00e1znam\u016f po\u0159\u00edzen\u00fdch b\u011bhem jej\u00ed pr\u00e1ce. Uhlov\u00e1 doprov\u00e1z\u00ed obraz \u010dten\u00fdm koment\u00e1\u0159em. (<em>\u010cesk\u00e1 televize<\/em>)<\/p>\n\n\n\n<h2 class=\"wp-block-heading\"><strong>Ideologick\u00e9 perspektivy klimatick\u00e9 krize (p\u0159edn\u00e1\u0161ka)<\/strong><\/h2>\n\n\n\n<p class=\"has-medium-font-size\"><strong>\ud83d\udccd<strong>El Antro<\/strong><\/strong> \u2013 <strong>Jakub Strnad<\/strong><\/p>\n\n\n\n<p class=\"has-medium-font-size\">Ideologie je \u010dasto vn\u00edm\u00e1na jako negativn\u00ed koncept. Skute\u010dnost\u00ed v\u0161ak je, \u017ee n\u011bjak\u00fdm zp\u016fsobem ovliv\u0148uje ka\u017ed\u00e9ho z n\u00e1s, a to i v p\u0159\u00edpad\u011b p\u0159em\u00fd\u0161len\u00ed o klimatick\u00e9 krizi. Tud\u00ed\u017e lze ideologii vn\u00edmat minim\u00e1ln\u011b t\u0159emi zp\u016fsoby &#8211; jako p\u0159irozenou-norm\u00e1ln\u00ed, jako negativn\u00ed-pok\u0159ivuj\u00edc\u00ed realitu a jako pozitivn\u00ed-vyb\u00edzej\u00edc\u00ed k politick\u00e9 akci. Jak\u00e1 jsou konceptu\u00e1ln\u00ed v\u00fdchodiska, s kter\u00fdmi pracuje post-marxistick\u00e1 teorie ideologie? Je zelen\u00e1 ideologie nov\u00fdm sm\u011brem, nebo navazuje na star\u0161\u00ed tradice? Jak ovliv\u0148uje na\u0161e ideologick\u00e9 vn\u00edm\u00e1n\u00ed postoj ke klimatick\u00e9 krizi? Na tyto a dal\u0161\u00ed ot\u00e1zky se pokus\u00edme nal\u00e9zt odpov\u011b\u010f p\u0159i spole\u010dn\u00e9m semin\u00e1\u0159i.<\/p>\n<\/div>\n\n\n\n<div style=\"height:100px\" aria-hidden=\"true\" class=\"wp-block-spacer\"><\/div>","protected":false},"excerpt":{"rendered":"<p>Green Resistance Pop III \u2013 2026 Infobox akce Ve\u0159ejn\u00e9 p\u0159edn\u00e1\u0161ky, debaty a koncert Datum a m\u00edsto kon\u00e1n\u00ed: \ud83d\uddd3\ufe0f 1. 5. 2026 od 10:00 \u2013\ud83d\udccd Olomouc VOLN\u00dd VSTUP \ud83c\udf9f\ufe0f Hlavn\u00ed program: Skautsk\u00fd institut (Doln\u00ed n\u00e1m\u011bst\u00ed 109\/29), El Antro (Uheln\u00e1 9\/13) After party: Pivnice Kate\u0159insk\u00e1 10 (mapa) Festival GRP P\u0159ij\u010f i Ty na leto\u0161n\u00ed festival Green Resistance [&hellip;]<\/p>\n","protected":false},"author":1,"featured_media":0,"parent":19,"menu_order":0,"comment_status":"closed","ping_status":"closed","template":"","meta":{"_themeisle_gutenberg_block_has_review":false,"footnotes":""},"class_list":["post-1122","page","type-page","status-publish","hentry"],"blocksy_meta":[],"jetpack_sharing_enabled":true,"_links":{"self":[{"href":"https:\/\/mladi-zeleni.cz\/en\/wp-json\/wp\/v2\/pages\/1122","targetHints":{"allow":["GET"]}}],"collection":[{"href":"https:\/\/mladi-zeleni.cz\/en\/wp-json\/wp\/v2\/pages"}],"about":[{"href":"https:\/\/mladi-zeleni.cz\/en\/wp-json\/wp\/v2\/types\/page"}],"author":[{"embeddable":true,"href":"https:\/\/mladi-zeleni.cz\/en\/wp-json\/wp\/v2\/users\/1"}],"replies":[{"embeddable":true,"href":"https:\/\/mladi-zeleni.cz\/en\/wp-json\/wp\/v2\/comments?post=1122"}],"version-history":[{"count":41,"href":"https:\/\/mladi-zeleni.cz\/en\/wp-json\/wp\/v2\/pages\/1122\/revisions"}],"predecessor-version":[{"id":1184,"href":"https:\/\/mladi-zeleni.cz\/en\/wp-json\/wp\/v2\/pages\/1122\/revisions\/1184"}],"up":[{"embeddable":true,"href":"https:\/\/mladi-zeleni.cz\/en\/wp-json\/wp\/v2\/pages\/19"}],"wp:attachment":[{"href":"https:\/\/mladi-zeleni.cz\/en\/wp-json\/wp\/v2\/media?parent=1122"}],"curies":[{"name":"wp","href":"https:\/\/api.w.org\/{rel}","templated":true}]}}